{"id":25344,"date":"2023-09-16T21:18:15","date_gmt":"2023-09-16T19:18:15","guid":{"rendered":"https:\/\/iterlex.lt\/?page_id=25344"},"modified":"2026-02-03T23:00:52","modified_gmt":"2026-02-03T21:00:52","slug":"deliktine-atsakomybe-zalos-atlyginimas","status":"publish","type":"page","link":"https:\/\/iterlex.lt\/ru\/deliktine-atsakomybe-zalos-atlyginimas\/","title":{"rendered":"\u0414\u0435\u043b\u0438\u043a\u0442\u043d\u0430\u044f \u043e\u0442\u0432\u0435\u0442\u0441\u0442\u0432\u0435\u043d\u043d\u043e\u0441\u0442\u044c"},"content":{"rendered":"<div data-elementor-type=\"wp-page\" data-elementor-id=\"25344\" class=\"elementor elementor-25344\" data-elementor-post-type=\"page\">\n\t\t\t\t<div class=\"elementor-element elementor-element-d3aa95c e-flex e-con-boxed e-con e-parent\" data-id=\"d3aa95c\" data-element_type=\"container\" data-e-type=\"container\">\n\t\t\t\t\t<div class=\"e-con-inner\">\n\t\t\t\t<div class=\"elementor-element elementor-element-07bac0c elementor-widget elementor-widget-html\" data-id=\"07bac0c\" data-element_type=\"widget\" data-e-type=\"widget\" data-widget_type=\"html.default\">\n\t\t\t\t<div class=\"elementor-widget-container\">\n\t\t\t\t\t<style>\n.tort-law-section {\n    font-family: 'Segoe UI', Tahoma, Geneva, Verdana, sans-serif;\n    color: #333;\n    line-height: 1.8;\n}\n\n.tl-content-wrapper {\n    display: grid;\n    grid-template-columns: 1fr 1fr;\n    gap: 50px;\n    margin-bottom: 50px;\n    align-items: start;\n}\n\n.tl-image-block {\n    position: sticky;\n    top: 20px;\n}\n\n.tl-image-block img {\n    width: 100%;\n    height: auto;\n    border-radius: 15px;\n    box-shadow: 0 10px 40px rgba(0,0,0,0.15);\n    transition: transform 0.3s ease;\n}\n\n.tl-image-block img:hover {\n    transform: scale(1.02);\n}\n\n.tl-image-cta {\n    background: #1a1a1a;\n    color: white;\n    padding: 30px;\n    border-radius: 15px;\n    text-align: center;\n    margin-top: 25px;\n}\n\n.tl-image-cta h3 {\n    font-size: 1.5em;\n    margin: 0 0 15px 0;\n    font-weight: 600;\n    color: #ffffff;\n}\n\n.tl-image-cta p {\n    font-size: 1em;\n    margin: 0 0 20px 0;\n    color: #d4d4d4;\n}\n\n.tl-cta-button {\n    display: inline-block;\n    background: #d4a574;\n    color: #1a1a1a;\n    padding: 14px 35px;\n    text-decoration: none;\n    border-radius: 8px;\n    font-weight: 600;\n    font-size: 1em;\n    transition: all 0.3s ease;\n    border: 2px solid #d4a574;\n}\n\n.tl-cta-button:hover {\n    background: transparent;\n    color: #d4a574;\n    transform: translateY(-2px);\n    box-shadow: 0 5px 15px rgba(212, 165, 116, 0.3);\n}\n\n.tl-services-box {\n    background: #f8f9fa;\n    padding: 40px;\n    border-radius: 15px;\n    box-shadow: 0 5px 20px rgba(0,0,0,0.08);\n}\n\n.tl-services-box h2 {\n    font-size: 2em;\n    color: #1a1a1a;\n    margin: 0 0 30px 0;\n    font-weight: 700;\n}\n\n.tl-services-list {\n    list-style: none;\n    padding: 0;\n    margin: 0;\n}\n\n.tl-services-list li {\n    padding: 15px 0 15px 40px;\n    position: relative;\n    border-bottom: 1px solid #e0e0e0;\n    transition: all 0.3s ease;\n}\n\n.tl-services-list li:last-child {\n    border-bottom: none;\n}\n\n.tl-services-list li:before {\n    content: \"\u2713\";\n    position: absolute;\n    left: 0;\n    top: 15px;\n    width: 28px;\n    height: 28px;\n    background: #d4a574;\n    color: #1a1a1a;\n    border-radius: 50%;\n    display: flex;\n    align-items: center;\n    justify-content: center;\n    font-weight: bold;\n    font-size: 16px;\n}\n\n.tl-services-list li:hover {\n    padding-left: 45px;\n    color: #d4a574;\n}\n\n.tl-definition-box {\n    background: #f5f5f5;\n    border-left: 5px solid #1a1a1a;\n    padding: 30px;\n    border-radius: 10px;\n    margin: 40px 0;\n    box-shadow: 0 5px 15px rgba(0,0,0,0.08);\n}\n\n.tl-definition-box h3 {\n    color: #1a1a1a;\n    font-size: 1.6em;\n    margin: 0 0 20px 0;\n    font-weight: 700;\n}\n\n.tl-definition-box p {\n    margin: 15px 0;\n    color: #333;\n}\n\n.tl-examples-box {\n    background: #fff8f0;\n    border-left: 5px solid #d4a574;\n    padding: 30px;\n    border-radius: 10px;\n    margin: 40px 0;\n    box-shadow: 0 5px 15px rgba(0,0,0,0.08);\n}\n\n.tl-examples-box h3 {\n    color: #1a1a1a;\n    font-size: 1.6em;\n    margin: 0 0 20px 0;\n    font-weight: 700;\n}\n\n.tl-examples-box p {\n    margin: 15px 0;\n    color: #333;\n}\n\n.tl-highlight-box {\n    background: #1a1a1a;\n    color: white;\n    padding: 30px;\n    border-radius: 10px;\n    margin: 40px 0;\n    box-shadow: 0 5px 15px rgba(0,0,0,0.15);\n}\n\n.tl-highlight-box h3 {\n    color: #d4a574;\n    font-size: 1.6em;\n    margin: 0 0 20px 0;\n    font-weight: 700;\n}\n\n.tl-highlight-box p {\n    margin: 15px 0;\n    color: #d4d4d4;\n}\n\n.tl-final-cta {\n    background: #1a1a1a;\n    color: white;\n    padding: 50px;\n    border-radius: 15px;\n    text-align: center;\n    margin-top: 50px;\n    box-shadow: 0 10px 30px rgba(0,0,0,0.2);\n}\n\n.tl-final-cta h3 {\n    font-size: 2em;\n    margin: 0 0 20px 0;\n    font-weight: 700;\n    color: #d4a574;\n}\n\n.tl-final-cta p {\n    font-size: 1.2em;\n    margin: 0 0 25px 0;\n    line-height: 1.6;\n}\n\n@media (max-width: 968px) {\n    .tl-content-wrapper {\n        grid-template-columns: 1fr;\n        gap: 40px;\n    }\n    \n    .tl-image-block {\n        position: relative;\n        top: 0;\n    }\n    \n    .tl-services-box {\n        padding: 30px 20px;\n    }\n    \n    .tl-definition-box,\n    .tl-examples-box,\n    .tl-highlight-box,\n    .tl-final-cta {\n        padding: 25px 20px;\n    }\n}\n\n@media (max-width: 600px) {\n    .tort-law-section {\n        padding: 40px 15px;\n    }\n    \n    .tl-services-box h2,\n    .tl-definition-box h3,\n    .tl-examples-box h3,\n    .tl-highlight-box h3,\n    .tl-final-cta h3 {\n        font-size: 1.4em;\n    }\n    \n    .tl-image-cta {\n        padding: 20px;\n    }\n    \n    .tl-image-cta h3 {\n        font-size: 1.2em;\n    }\n}\n<\/style>\n\n<div class=\"tort-law-section\">\n    <div class=\"tl-content-wrapper\">\n        <div class=\"tl-image-block\">\n            <img decoding=\"async\" src=\"https:\/\/iterlex.lt\/wp-content\/uploads\/2023\/09\/bookcase-chancellery-attorney-335849.jpg\" alt=\"Deliktin\u0117 atsakomyb\u0117 - \u017ealos atlyginimas\">\n            \n            <div class=\"tl-image-cta\">\n                <h3>\u041d\u0443\u0436\u043d\u0430 \u043a\u043e\u043d\u0441\u0443\u043b\u044c\u0442\u0430\u0446\u0438\u044f?<\/h3>\n                <p>\u0421\u0432\u044f\u0436\u0438\u0442\u0435\u0441\u044c \u0441 \u043d\u0430\u043c\u0438 \u0438 \u043f\u043e\u043b\u0443\u0447\u0438\u0442\u0435 \u043f\u0440\u043e\u0444\u0435\u0441\u0441\u0438\u043e\u043d\u0430\u043b\u044c\u043d\u0443\u044e \u044e\u0440\u0438\u0434\u0438\u0447\u0435\u0441\u043a\u0443\u044e \u043f\u043e\u043c\u043e\u0449\u044c.<\/p>\n                <a href=\"https:\/\/iterlex.lt\/ru\/kontaktai\/\" class=\"tl-cta-button\">\u041a\u043e\u043d\u0442\u0430\u043a\u0442\u044b<\/a>\n            <\/div>\n        <\/div>\n\n        <div class=\"tl-services-box\">\n            <h2>\u041f\u0440\u0435\u0434\u043e\u0441\u0442\u0430\u0432\u043b\u044f\u0435\u043c\u044b\u0435 \u044e\u0440\u0438\u0434\u0438\u0447\u0435\u0441\u043a\u0438\u0435 \u0443\u0441\u043b\u0443\u0433\u0438<\/h2>\n            \n            <ul class=\"tl-services-list\">\n                <li>\u042e\u0440\u0438\u0434\u0438\u0447\u0435\u0441\u043a\u0438\u0435 \u043a\u043e\u043d\u0441\u0443\u043b\u044c\u0442\u0430\u0446\u0438\u0438 \u043f\u043e \u0432\u043e\u043f\u0440\u043e\u0441\u0430\u043c \u0432\u043e\u0437\u043c\u0435\u0449\u0435\u043d\u0438\u044f \u0443\u0449\u0435\u0440\u0431\u0430<\/li>\n                <li>\u041f\u0440\u0435\u0434\u0441\u0442\u0430\u0432\u0438\u0442\u0435\u043b\u044c\u0441\u0442\u0432\u043e \u0432 \u0441\u043f\u043e\u0440\u0430\u0445 \u0438 \u043f\u043e\u0434\u0433\u043e\u0442\u043e\u0432\u043a\u0430 \u0441\u0443\u0434\u0435\u0431\u043d\u044b\u0445, \u043f\u0440\u043e\u0446\u0435\u0441\u0441\u0443\u0430\u043b\u044c\u043d\u044b\u0445 \u0434\u043e\u043a\u0443\u043c\u0435\u043d\u0442\u043e\u0432<\/li>\n            <\/ul>\n        <\/div>\n    <\/div>\n\n    <div class=\"tl-definition-box\">\n        <h3>\u0427\u0442\u043e \u0442\u0430\u043a\u043e\u0435 \u0434\u0435\u043b\u0438\u043a\u0442\u043d\u0430\u044f \u043e\u0442\u0432\u0435\u0442\u0441\u0442\u0432\u0435\u043d\u043d\u043e\u0441\u0442\u044c?<\/h3>\n        <p>\u0412 \u0441\u0430\u043c\u043e\u043c \u043e\u0431\u0449\u0435\u043c \u0441\u043c\u044b\u0441\u043b\u0435 \u0434\u0435\u043b\u0438\u043a\u0442\u043d\u0430\u044f \u043e\u0442\u0432\u0435\u0442\u0441\u0442\u0432\u0435\u043d\u043d\u043e\u0441\u0442\u044c \u043e\u0445\u0432\u0430\u0442\u044b\u0432\u0430\u0435\u0442 \u0441\u043b\u0443\u0447\u0430\u0438, \u043a\u043e\u0433\u0434\u0430 \u0441\u0442\u043e\u0440\u043e\u043d\u044b \u043d\u0435 \u0441\u0432\u044f\u0437\u0430\u043d\u044b \u0434\u043e\u0433\u043e\u0432\u043e\u0440\u043d\u044b\u043c\u0438 \u043e\u0442\u043d\u043e\u0448\u0435\u043d\u0438\u044f\u043c\u0438, \u043d\u043e \u0432 \u0440\u0435\u0437\u0443\u043b\u044c\u0442\u0430\u0442\u0435 \u043d\u0435\u0437\u0430\u043a\u043e\u043d\u043d\u044b\u0445 \u0434\u0435\u0439\u0441\u0442\u0432\u0438\u0439 \u043e\u0434\u043d\u043e\u0433\u043e \u0438\u0437 \u0441\u0443\u0431\u044a\u0435\u043a\u0442\u043e\u0432 \u0434\u0440\u0443\u0433\u043e\u0439 \u0441\u0442\u043e\u0440\u043e\u043d\u0435 \u043f\u0440\u0438\u0447\u0438\u043d\u0435\u043d \u0443\u0449\u0435\u0440\u0431 \u0438\u043b\u0438 \u0443\u0431\u044b\u0442\u043a\u0438.<\/p>\n        <p>\u0412 \u0441\u0430\u043c\u043e\u043c \u043f\u0440\u043e\u0441\u0442\u043e\u043c \u0441\u043c\u044b\u0441\u043b\u0435 \u044d\u0442\u043e \u043d\u0430\u0440\u0443\u0448\u0435\u043d\u0438\u0435 \u043e\u0431\u044f\u0437\u0430\u043d\u043d\u043e\u0441\u0442\u0438, \u0437\u0430\u043a\u0440\u0435\u043f\u043b\u0435\u043d\u043d\u043e\u0439 \u0432 \u0413\u0440\u0430\u0436\u0434\u0430\u043d\u0441\u043a\u043e\u043c \u043a\u043e\u0434\u0435\u043a\u0441\u0435 \u041b\u0438\u0442\u043e\u0432\u0441\u043a\u043e\u0439 \u0420\u0435\u0441\u043f\u0443\u0431\u043b\u0438\u043a\u0438, \u0432\u0435\u0441\u0442\u0438 \u0441\u0435\u0431\u044f \u0432\u043d\u0438\u043c\u0430\u0442\u0435\u043b\u044c\u043d\u043e, \u0437\u0430\u0431\u043e\u0442\u043b\u0438\u0432\u043e \u0438 \u0442\u0430\u043a\u0438\u043c \u043e\u0431\u0440\u0430\u0437\u043e\u043c, \u0447\u0442\u043e\u0431\u044b \u043d\u0435 \u043f\u0440\u0438\u0447\u0438\u043d\u044f\u0442\u044c \u0443\u0449\u0435\u0440\u0431 \u0438 \u0443\u0431\u044b\u0442\u043a\u0438 \u0434\u0440\u0443\u0433\u0438\u043c \u043b\u0438\u0446\u0430\u043c.<\/p>\n        <p>\u0421\u043e\u043e\u0442\u0432\u0435\u0442\u0441\u0442\u0432\u0435\u043d\u043d\u043e, \u0434\u0440\u0443\u0433\u0430\u044f \u0441\u0442\u043e\u0440\u043e\u043d\u0430, \u043f\u043e\u043d\u0435\u0441\u0448\u0430\u044f \u0443\u0449\u0435\u0440\u0431 \u0438\u043b\u0438 \u0443\u0431\u044b\u0442\u043a\u0438 \u0432 \u0440\u0435\u0437\u0443\u043b\u044c\u0442\u0430\u0442\u0435 \u043d\u0435\u0437\u0430\u043a\u043e\u043d\u043d\u044b\u0445 \u0434\u0435\u0439\u0441\u0442\u0432\u0438\u0439 \u0434\u0440\u0443\u0433\u043e\u0433\u043e \u0441\u0443\u0431\u044a\u0435\u043a\u0442\u0430, \u0438\u043c\u0435\u0435\u0442 \u043f\u0440\u0430\u0432\u043e \u0442\u0440\u0435\u0431\u043e\u0432\u0430\u0442\u044c \u0432\u043e\u0437\u043c\u0435\u0449\u0435\u043d\u0438\u044f \u044d\u0442\u043e\u0433\u043e \u0443\u0449\u0435\u0440\u0431\u0430.<\/p>\n    <\/div>\n\n    <div class=\"tl-examples-box\">\n        <h3>\u041d\u0430\u0438\u0431\u043e\u043b\u0435\u0435 \u0447\u0430\u0441\u0442\u044b\u0435 \u0441\u043b\u0443\u0447\u0430\u0438<\/h3>\n        <p>\u041d\u0430\u0438\u0431\u043e\u043b\u0435\u0435 \u0447\u0430\u0441\u0442\u044b\u043c\u0438 \u043f\u0440\u0438\u043c\u0435\u0440\u0430\u043c\u0438 \u0434\u0435\u043b\u0438\u043a\u0442\u043d\u043e\u0439 \u043e\u0442\u0432\u0435\u0442\u0441\u0442\u0432\u0435\u043d\u043d\u043e\u0441\u0442\u0438 \u0432 \u043f\u0440\u0430\u043a\u0442\u0438\u043a\u0435 \u043c\u043e\u0433\u0443\u0442 \u0431\u044b\u0442\u044c:<\/p>\n        <ul style=\"list-style: disc; padding-left: 20px; margin: 15px 0;\">\n            <li>\u0423\u0449\u0435\u0440\u0431, \u043f\u0440\u0438\u0447\u0438\u043d\u0435\u043d\u043d\u044b\u0439 \u0432 \u0440\u0435\u0437\u0443\u043b\u044c\u0442\u0430\u0442\u0435 \u0434\u043e\u0440\u043e\u0436\u043d\u043e-\u0442\u0440\u0430\u043d\u0441\u043f\u043e\u0440\u0442\u043d\u043e\u0433\u043e \u043f\u0440\u043e\u0438\u0441\u0448\u0435\u0441\u0442\u0432\u0438\u044f<\/li>\n            <li>\u041f\u043e\u0432\u0440\u0435\u0436\u0434\u0435\u043d\u0438\u0435 \u0438\u043b\u0438 \u043f\u043e\u0440\u0447\u0430 \u0447\u0443\u0436\u043e\u0433\u043e \u0438\u043c\u0443\u0449\u0435\u0441\u0442\u0432\u0430<\/li>\n            <li>\u0414\u0440\u0443\u0433\u0438\u0435 \u043d\u0435\u0437\u0430\u043a\u043e\u043d\u043d\u044b\u0435 \u0434\u0435\u0439\u0441\u0442\u0432\u0438\u044f, \u043f\u043e\u0432\u043b\u0435\u043a\u0448\u0438\u0435 \u0437\u0430 \u0441\u043e\u0431\u043e\u0439 \u0443\u0449\u0435\u0440\u0431 \u0438\u043b\u0438 \u0443\u0431\u044b\u0442\u043a\u0438<\/li>\n        <\/ul>\n        <p>\u041e\u0431\u044b\u0447\u043d\u043e \u0432 \u0442\u0430\u043a\u0438\u0445 \u0441\u043b\u0443\u0447\u0430\u044f\u0445 \u043d\u0435\u043e\u0431\u0445\u043e\u0434\u0438\u043c\u043e \u0443\u0441\u0442\u0430\u043d\u043e\u0432\u0438\u0442\u044c \u043d\u0435\u0437\u0430\u043a\u043e\u043d\u043d\u044b\u0435 \u0434\u0435\u0439\u0441\u0442\u0432\u0438\u044f \u043b\u0438\u0446\u0430, \u043f\u0440\u0438\u0447\u0438\u043d\u043d\u043e-\u0441\u043b\u0435\u0434\u0441\u0442\u0432\u0435\u043d\u043d\u0443\u044e \u0441\u0432\u044f\u0437\u044c \u043c\u0435\u0436\u0434\u0443 \u0434\u0435\u0439\u0441\u0442\u0432\u0438\u044f\u043c\u0438 \u0438 \u0432\u043e\u0437\u043d\u0438\u043a\u043d\u043e\u0432\u0435\u043d\u0438\u0435\u043c \u043d\u0435\u0433\u0430\u0442\u0438\u0432\u043d\u044b\u0445 \u043f\u043e\u0441\u043b\u0435\u0434\u0441\u0442\u0432\u0438\u0439, \u0430 \u0442\u0430\u043a\u0436\u0435 \u0432\u0438\u043d\u0443.<\/p>\n        <p>\u0412 \u043d\u0435\u043a\u043e\u0442\u043e\u0440\u044b\u0445 \u0441\u043b\u0443\u0447\u0430\u044f\u0445 \u043a \u0441\u0443\u0431\u044a\u0435\u043a\u0442\u0430\u043c \u043f\u0440\u0438\u043c\u0435\u043d\u044f\u0435\u0442\u0441\u044f \u0441\u0442\u0440\u043e\u0433\u0430\u044f \u0444\u043e\u0440\u043c\u0430 \u043e\u0442\u0432\u0435\u0442\u0441\u0442\u0432\u0435\u043d\u043d\u043e\u0441\u0442\u0438, \u0442\u043e \u0435\u0441\u0442\u044c \u0431\u0435\u0437 \u0443\u0441\u0442\u0430\u043d\u043e\u0432\u043b\u0435\u043d\u0438\u044f \u0432\u0438\u043d\u044b.<\/p>\n    <\/div>\n\n    <div class=\"tl-highlight-box\">\n        <h3>\u041f\u043e\u0447\u0435\u043c\u0443 \u043d\u0435\u043e\u0431\u0445\u043e\u0434\u0438\u043c\u0430 \u043f\u0440\u043e\u0444\u0435\u0441\u0441\u0438\u043e\u043d\u0430\u043b\u044c\u043d\u0430\u044f \u044e\u0440\u0438\u0434\u0438\u0447\u0435\u0441\u043a\u0430\u044f \u043f\u043e\u043c\u043e\u0449\u044c?<\/h3>\n        <p>\u0412\u0430\u0436\u043d\u043e \u043e\u0442\u043c\u0435\u0442\u0438\u0442\u044c, \u0447\u0442\u043e \u0441\u043f\u043e\u0440\u044b \u0442\u0430\u043a\u043e\u0433\u043e \u0440\u043e\u0434\u0430 \u043e\u0431\u044b\u0447\u043d\u043e \u0440\u0430\u0437\u0440\u0435\u0448\u0430\u044e\u0442\u0441\u044f \u0432 \u0445\u043e\u0434\u0435 \u0441\u0443\u0434\u0435\u0431\u043d\u043e\u0433\u043e \u0440\u0430\u0437\u0431\u0438\u0440\u0430\u0442\u0435\u043b\u044c\u0441\u0442\u0432\u0430, \u0435\u0441\u043b\u0438 \u0442\u043e\u043b\u044c\u043a\u043e \u0434\u0440\u0443\u0433\u0430\u044f \u0441\u0442\u043e\u0440\u043e\u043d\u0430 \u043d\u0435 \u0441\u043e\u0433\u043b\u0430\u0448\u0430\u0435\u0442\u0441\u044f \u0434\u043e\u0431\u0440\u043e\u0432\u043e\u043b\u044c\u043d\u043e \u0432\u043e\u0437\u043c\u0435\u0441\u0442\u0438\u0442\u044c \u0443\u0449\u0435\u0440\u0431, \u043f\u0440\u0438\u0447\u0438\u043d\u0435\u043d\u043d\u044b\u0439 \u0441\u0432\u043e\u0438\u043c\u0438 \u0434\u0435\u0439\u0441\u0442\u0432\u0438\u044f\u043c\u0438.<\/p>\n        <p><strong>\u041f\u043e\u044d\u0442\u043e\u043c\u0443 \u0441 \u0441\u0430\u043c\u043e\u0433\u043e \u043d\u0430\u0447\u0430\u043b\u0430, \u043a\u043e\u0433\u0434\u0430 \u043f\u043e\u044f\u0432\u0438\u043b\u0438\u0441\u044c \u043e\u0441\u043d\u043e\u0432\u0430\u043d\u0438\u044f \u0434\u043b\u044f \u0442\u0440\u0435\u0431\u043e\u0432\u0430\u043d\u0438\u044f \u0432\u043e\u0437\u043c\u0435\u0449\u0435\u043d\u0438\u044f \u0443\u0449\u0435\u0440\u0431\u0430, \u043d\u0435\u043e\u0431\u0445\u043e\u0434\u0438\u043c\u043e \u043e\u0431\u0435\u0441\u043f\u0435\u0447\u0438\u0442\u044c \u0441\u0435\u0431\u0435 \u043d\u0430\u0434\u043b\u0435\u0436\u0430\u0449\u0435\u0435 \u043f\u0440\u0435\u0434\u0441\u0442\u0430\u0432\u0438\u0442\u0435\u043b\u044c\u0441\u0442\u0432\u043e \u0438 \u043d\u0435\u0437\u0430\u043c\u0435\u0434\u043b\u0438\u0442\u0435\u043b\u044c\u043d\u043e \u043e\u0431\u0440\u0430\u0442\u0438\u0442\u044c\u0441\u044f \u0437\u0430 \u044e\u0440\u0438\u0434\u0438\u0447\u0435\u0441\u043a\u043e\u0439 \u043f\u043e\u043c\u043e\u0449\u044c\u044e.<\/strong><\/p>\n        <p>\u041f\u0440\u043e\u0446\u0435\u0441\u0441 \u0432\u043e\u0437\u043c\u0435\u0449\u0435\u043d\u0438\u044f \u0443\u0449\u0435\u0440\u0431\u0430 \u0438\u043b\u0438 \u0437\u0430\u0449\u0438\u0442\u0430 \u043e\u0442 \u043d\u0435\u043e\u0431\u043e\u0441\u043d\u043e\u0432\u0430\u043d\u043d\u043e\u0433\u043e \u0442\u0440\u0435\u0431\u043e\u0432\u0430\u043d\u0438\u044f \u043e \u0432\u043e\u0437\u043c\u0435\u0449\u0435\u043d\u0438\u0438 \u0443\u0449\u0435\u0440\u0431\u0430 \u0441\u0432\u044f\u0437\u0430\u043d \u0441 \u0442\u043e\u0447\u043d\u044b\u043c \u0443\u0441\u0442\u0430\u043d\u043e\u0432\u043b\u0435\u043d\u0438\u0435\u043c \u0444\u0430\u043a\u0442\u0438\u0447\u0435\u0441\u043a\u0438\u0445 \u043e\u0431\u0441\u0442\u043e\u044f\u0442\u0435\u043b\u044c\u0441\u0442\u0432 \u0438 \u0438\u0445 \u043d\u0430\u0434\u043b\u0435\u0436\u0430\u0449\u0438\u043c \u043f\u0440\u0435\u0434\u0441\u0442\u0430\u0432\u043b\u0435\u043d\u0438\u0435\u043c \u0432 \u044e\u0440\u0438\u0434\u0438\u0447\u0435\u0441\u043a\u043e\u043c \u0441\u043c\u044b\u0441\u043b\u0435.<\/p>\n        <p>\u041f\u043e\u044d\u0442\u043e\u043c\u0443 \u0434\u0430\u0436\u0435 \u0432 \u0442\u0435\u0445 \u0441\u043b\u0443\u0447\u0430\u044f\u0445, \u043a\u043e\u0433\u0434\u0430 \u0441\u0447\u0438\u0442\u0430\u0435\u0442\u0441\u044f, \u0447\u0442\u043e \u0442\u0440\u0435\u0431\u043e\u0432\u0430\u043d\u0438\u0435 (\u043d\u0435)\u043e\u0431\u043e\u0441\u043d\u043e\u0432\u0430\u043d\u043e, \u0440\u0435\u043a\u043e\u043c\u0435\u043d\u0434\u0443\u0435\u0442\u0441\u044f \u0432\u043e\u0441\u043f\u043e\u043b\u044c\u0437\u043e\u0432\u0430\u0442\u044c\u0441\u044f \u043f\u0440\u043e\u0444\u0435\u0441\u0441\u0438\u043e\u043d\u0430\u043b\u044c\u043d\u043e\u0439 \u044e\u0440\u0438\u0434\u0438\u0447\u0435\u0441\u043a\u043e\u0439 \u043f\u043e\u043c\u043e\u0449\u044c\u044e.<\/p>\n    <\/div>\n\n    <div class=\"tl-final-cta\">\n        <h3>\u041a\u043e\u043d\u0441\u0443\u043b\u044c\u0442\u0430\u0446\u0438\u044f \u043f\u043e \u0432\u043e\u043f\u0440\u043e\u0441\u0430\u043c \u0432\u043e\u0437\u043c\u0435\u0449\u0435\u043d\u0438\u044f \u0443\u0449\u0435\u0440\u0431\u0430<\/h3>\n        <p>\u0421\u0432\u044f\u0436\u0438\u0442\u0435\u0441\u044c \u0441 \u043d\u0430\u043c\u0438 \u0438 \u043f\u043e\u043b\u0443\u0447\u0438\u0442\u0435 \u043f\u0440\u043e\u0444\u0435\u0441\u0441\u0438\u043e\u043d\u0430\u043b\u044c\u043d\u0443\u044e \u043a\u043e\u043d\u0441\u0443\u043b\u044c\u0442\u0430\u0446\u0438\u044e \u0438 \u043f\u0440\u0435\u0434\u0441\u0442\u0430\u0432\u0438\u0442\u0435\u043b\u044c\u0441\u0442\u0432\u043e \u0432 \u0434\u0435\u043b\u0430\u0445 \u043e \u0434\u0435\u043b\u0438\u043a\u0442\u043d\u043e\u0439 \u043e\u0442\u0432\u0435\u0442\u0441\u0442\u0432\u0435\u043d\u043d\u043e\u0441\u0442\u0438.<\/p>\n        <a href=\"https:\/\/iterlex.lt\/ru\/kontaktai\/\" class=\"tl-cta-button\">\u041a\u043e\u043d\u0442\u0430\u043a\u0442\u044b<\/a>\n    <\/div>\n<\/div>\t\t\t\t<\/div>\n\t\t\t\t<\/div>\n\t\t\t\t\t<\/div>\n\t\t\t\t<\/div>\n\t\t\t\t<\/div>","protected":false},"excerpt":{"rendered":"<p>Reikalinga konsultacija? Susisiekite su mumis ir gaukite profesionali\u0105 teisin\u0119 pagalb\u0105 Susisiekti Teikiamos Teisin\u0117s Paslaugos Teisin\u0117s konsultacijos \u017ealos atlyginimo klausimais Atstovavimas gin\u010duose ir teismini\u0173, procesini\u0173 dokument\u0173 rengimas Kas Yra Deliktin\u0117 Atsakomyb\u0117? Bendriausia prasme deliktin\u0117 atsakomyb\u0117 apima atvejus, kai \u0161ali\u0173 nesieja sutartiniai santykiai, ta\u010diau d\u0117l vieno i\u0161 subjekt\u0173 neteis\u0117t\u0173 veiksm\u0173 kitai \u0161aliai padaroma \u017eala ar nuostoliai. Elementariausia [&hellip;]<\/p>\n","protected":false},"author":3,"featured_media":0,"parent":0,"menu_order":0,"comment_status":"closed","ping_status":"closed","template":"","meta":{"_editorskit_title_hidden":false,"_editorskit_reading_time":0,"_editorskit_is_block_options_detached":false,"_editorskit_block_options_position":"{}","footnotes":""},"class_list":["post-25344","page","type-page","status-publish","hentry"],"_links":{"self":[{"href":"https:\/\/iterlex.lt\/ru\/wp-json\/wp\/v2\/pages\/25344","targetHints":{"allow":["GET"]}}],"collection":[{"href":"https:\/\/iterlex.lt\/ru\/wp-json\/wp\/v2\/pages"}],"about":[{"href":"https:\/\/iterlex.lt\/ru\/wp-json\/wp\/v2\/types\/page"}],"author":[{"embeddable":true,"href":"https:\/\/iterlex.lt\/ru\/wp-json\/wp\/v2\/users\/3"}],"replies":[{"embeddable":true,"href":"https:\/\/iterlex.lt\/ru\/wp-json\/wp\/v2\/comments?post=25344"}],"version-history":[{"count":28,"href":"https:\/\/iterlex.lt\/ru\/wp-json\/wp\/v2\/pages\/25344\/revisions"}],"predecessor-version":[{"id":26548,"href":"https:\/\/iterlex.lt\/ru\/wp-json\/wp\/v2\/pages\/25344\/revisions\/26548"}],"wp:attachment":[{"href":"https:\/\/iterlex.lt\/ru\/wp-json\/wp\/v2\/media?parent=25344"}],"curies":[{"name":"wp","href":"https:\/\/api.w.org\/{rel}","templated":true}]}}