{"id":25084,"date":"2023-09-15T20:19:46","date_gmt":"2023-09-15T18:19:46","guid":{"rendered":"https:\/\/iterlex.lt\/?page_id=25084"},"modified":"2025-08-03T15:18:55","modified_gmt":"2025-08-03T13:18:55","slug":"naujienos","status":"publish","type":"page","link":"https:\/\/iterlex.lt\/ru\/naujienos\/","title":{"rendered":"\u041d\u043e\u0432\u043e\u0441\u0442\u0438"},"content":{"rendered":"<div data-elementor-type=\"wp-page\" data-elementor-id=\"25084\" class=\"elementor elementor-25084\" data-elementor-post-type=\"page\">\n\t\t\t\t\t\t<section class=\"elementor-section elementor-top-section elementor-element elementor-element-4b7c7d56 elementor-section-content-middle elementor-section-boxed elementor-section-height-default elementor-section-height-default\" data-id=\"4b7c7d56\" data-element_type=\"section\" data-e-type=\"section\" data-settings=\"{&quot;background_background&quot;:&quot;gradient&quot;,&quot;shape_divider_bottom&quot;:&quot;tilt&quot;}\">\n\t\t\t\t\t\t\t<div class=\"elementor-background-overlay\"><\/div>\n\t\t\t\t\t\t<div class=\"elementor-shape elementor-shape-bottom\" aria-hidden=\"true\" data-negative=\"false\">\n\t\t\t<svg xmlns=\"http:\/\/www.w3.org\/2000\/svg\" viewbox=\"0 0 1000 100\" preserveaspectratio=\"none\">\n\t<path class=\"elementor-shape-fill\" d=\"M0,6V0h1000v100L0,6z\"\/>\n<\/svg>\t\t<\/div>\n\t\t\t\t\t<div class=\"elementor-container elementor-column-gap-default\">\n\t\t\t\t\t<div class=\"elementor-column elementor-col-100 elementor-top-column elementor-element elementor-element-1b595198\" data-id=\"1b595198\" data-element_type=\"column\" data-e-type=\"column\">\n\t\t\t<div class=\"elementor-widget-wrap elementor-element-populated\">\n\t\t\t\t\t\t<div class=\"elementor-element elementor-element-59be00c1 elementor-icon-list--layout-inline elementor-align-start elementor-list-item-link-full_width elementor-widget elementor-widget-icon-list\" data-id=\"59be00c1\" data-element_type=\"widget\" data-e-type=\"widget\" data-widget_type=\"icon-list.default\">\n\t\t\t\t<div class=\"elementor-widget-container\">\n\t\t\t\t\t\t\t<ul class=\"elementor-icon-list-items elementor-inline-items\">\n\t\t\t\t\t\t\t<li class=\"elementor-icon-list-item elementor-inline-item\">\n\t\t\t\t\t\t\t\t\t\t\t<span class=\"elementor-icon-list-icon\">\n\t\t\t\t\t\t\t<i aria-hidden=\"true\" class=\"fas fa-home\"><\/i>\t\t\t\t\t\t<\/span>\n\t\t\t\t\t\t\t\t\t\t<span class=\"elementor-icon-list-text\">\u041e\u0441\u043d\u043e\u0432\u043d\u043e\u0439<\/span>\n\t\t\t\t\t\t\t\t\t<\/li>\n\t\t\t\t\t\t\t\t<li class=\"elementor-icon-list-item elementor-inline-item\">\n\t\t\t\t\t\t\t\t\t\t<span class=\"elementor-icon-list-text\">\u041d\u043e\u0432\u043e\u0441\u0442\u0438<\/span>\n\t\t\t\t\t\t\t\t\t<\/li>\n\t\t\t\t\t\t<\/ul>\n\t\t\t\t\t\t<\/div>\n\t\t\t\t<\/div>\n\t\t\t\t<div class=\"elementor-element elementor-element-7004c40 elementor-widget elementor-widget-heading\" data-id=\"7004c40\" data-element_type=\"widget\" data-e-type=\"widget\" data-widget_type=\"heading.default\">\n\t\t\t\t<div class=\"elementor-widget-container\">\n\t\t\t\t\t<h1 class=\"elementor-heading-title elementor-size-default\">\u041d\u043e\u0432\u043e\u0441\u0442\u0438<\/h1>\t\t\t\t<\/div>\n\t\t\t\t<\/div>\n\t\t\t\t<div class=\"elementor-element elementor-element-3dd262b5 elementor-hidden-phone elementor-hidden-tablet elementor-widget elementor-widget-heading\" data-id=\"3dd262b5\" data-element_type=\"widget\" data-e-type=\"widget\" data-widget_type=\"heading.default\">\n\t\t\t\t<div class=\"elementor-widget-container\">\n\t\t\t\t\t<span class=\"elementor-heading-title elementor-size-default\">\u041d\u043e\u0432\u043e\u0441\u0442\u0438<\/span>\t\t\t\t<\/div>\n\t\t\t\t<\/div>\n\t\t\t\t\t<\/div>\n\t\t<\/div>\n\t\t\t\t\t<\/div>\n\t\t<\/section>\n\t\t\t\t<section class=\"elementor-section elementor-top-section elementor-element elementor-element-4fcabf68 elementor-section-boxed elementor-section-height-default elementor-section-height-default\" data-id=\"4fcabf68\" data-element_type=\"section\" data-e-type=\"section\">\n\t\t\t\t\t\t<div class=\"elementor-container elementor-column-gap-default\">\n\t\t\t\t\t<div class=\"elementor-column elementor-col-50 elementor-top-column elementor-element elementor-element-7a8895ee\" data-id=\"7a8895ee\" data-element_type=\"column\" data-e-type=\"column\">\n\t\t\t<div class=\"elementor-widget-wrap elementor-element-populated\">\n\t\t\t\t\t\t<div class=\"elementor-element elementor-element-218706de elementor-grid-1 elementor-grid-tablet-2 elementor-grid-mobile-1 elementor-posts--thumbnail-top elementor-widget elementor-widget-posts\" data-id=\"218706de\" data-element_type=\"widget\" data-e-type=\"widget\" data-settings=\"{&quot;classic_columns&quot;:&quot;1&quot;,&quot;pagination_type&quot;:&quot;prev_next&quot;,&quot;classic_columns_tablet&quot;:&quot;2&quot;,&quot;classic_columns_mobile&quot;:&quot;1&quot;,&quot;classic_row_gap&quot;:{&quot;unit&quot;:&quot;px&quot;,&quot;size&quot;:35,&quot;sizes&quot;:[]},&quot;classic_row_gap_tablet&quot;:{&quot;unit&quot;:&quot;px&quot;,&quot;size&quot;:&quot;&quot;,&quot;sizes&quot;:[]},&quot;classic_row_gap_mobile&quot;:{&quot;unit&quot;:&quot;px&quot;,&quot;size&quot;:&quot;&quot;,&quot;sizes&quot;:[]}}\" data-widget_type=\"posts.classic\">\n\t\t\t\t<div class=\"elementor-widget-container\">\n\t\t\t\t\t\t\t<div class=\"elementor-posts-container elementor-posts elementor-posts--skin-classic elementor-grid\">\n\t\t\t\t<article class=\"elementor-post elementor-grid-item post-26632 post type-post status-publish format-standard has-post-thumbnail hentry category-be-kategorijos tag-advokatas tag-automobilio-grazinimas tag-automobilio-grazinimas-pardavejui tag-automobiliu-defektai tag-gincai-del-automobiliu tag-gincas-del-automobilio tag-pretenzija-del-automobilio\">\n\t\t\t\t<a class=\"elementor-post__thumbnail__link\" href=\"https:\/\/iterlex.lt\/ru\/laimeta-byla-kodel-techniskai-tvarkingas-automobilis-ne-visada-reiskia-tinkamos-kokybes\/\" tabindex=\"-1\" >\n\t\t\t<div class=\"elementor-post__thumbnail\"><img fetchpriority=\"high\" decoding=\"async\" width=\"1696\" height=\"2560\" src=\"https:\/\/iterlex.lt\/wp-content\/uploads\/2026\/03\/pexels-viktortalashuk-2328875-scaled.jpg\" class=\"attachment-full size-full wp-image-26635\" alt=\"\" srcset=\"https:\/\/iterlex.lt\/wp-content\/uploads\/2026\/03\/pexels-viktortalashuk-2328875-scaled.jpg 1696w, https:\/\/iterlex.lt\/wp-content\/uploads\/2026\/03\/pexels-viktortalashuk-2328875-199x300.jpg 199w, https:\/\/iterlex.lt\/wp-content\/uploads\/2026\/03\/pexels-viktortalashuk-2328875-678x1024.jpg 678w, https:\/\/iterlex.lt\/wp-content\/uploads\/2026\/03\/pexels-viktortalashuk-2328875-768x1160.jpg 768w, https:\/\/iterlex.lt\/wp-content\/uploads\/2026\/03\/pexels-viktortalashuk-2328875-1017x1536.jpg 1017w, https:\/\/iterlex.lt\/wp-content\/uploads\/2026\/03\/pexels-viktortalashuk-2328875-1356x2048.jpg 1356w, https:\/\/iterlex.lt\/wp-content\/uploads\/2026\/03\/pexels-viktortalashuk-2328875-8x12.jpg 8w\" sizes=\"(max-width: 1696px) 100vw, 1696px\" \/><\/div>\n\t\t<\/a>\n\t\t\t\t<div class=\"elementor-post__text\">\n\t\t\t\t<h3 class=\"elementor-post__title\">\n\t\t\t<a href=\"https:\/\/iterlex.lt\/ru\/laimeta-byla-kodel-techniskai-tvarkingas-automobilis-ne-visada-reiskia-tinkamos-kokybes\/\" >\n\t\t\t\tLaim\u0117ta byla: kod\u0117l \u201etechni\u0161kai tvarkingas\u201c automobilis ne visada rei\u0161kia tinkamos kokyb\u0117s?\t\t\t<\/a>\n\t\t<\/h3>\n\t\t\t\t<div class=\"elementor-post__excerpt\">\n\t\t\t<p>Automobilio gr\u0105\u017einimas pardav\u0117jui d\u0117l esmini\u0173 ir pasl\u0117pt\u0173 defekt\u0173 Automobilio pirkimas antrin\u0117je rinkoje primena loterij\u0105, kurioje pirk\u0117jas pasitiki pardav\u0117jo deklaruojama \u201epuikia<\/p>\n\t\t<\/div>\n\t\t\n\t\t<a class=\"elementor-post__read-more\" href=\"https:\/\/iterlex.lt\/ru\/laimeta-byla-kodel-techniskai-tvarkingas-automobilis-ne-visada-reiskia-tinkamos-kokybes\/\" aria-label=\"Read more about Laim\u0117ta byla: kod\u0117l \u201etechni\u0161kai tvarkingas\u201c automobilis ne visada rei\u0161kia tinkamos kokyb\u0117s?\" tabindex=\"-1\" >\n\t\t\tSkaityti toliau\t\t<\/a>\n\n\t\t\t\t<\/div>\n\t\t\t\t<\/article>\n\t\t\t\t<article class=\"elementor-post elementor-grid-item post-26014 post type-post status-publish format-standard has-post-thumbnail hentry category-be-kategorijos tag-advokatas tag-apsimestine-sutartis tag-apsimestinis-sandoris tag-sutarties-gincijimas tag-sutarties-negaliojimas\">\n\t\t\t\t<a class=\"elementor-post__thumbnail__link\" href=\"https:\/\/iterlex.lt\/ru\/teismai-netoleruoja-spekuliaciju-kas-svarbu-irodinejant-apsimestini-sandori-ir-kokios-galimos-pasekmes\/\" tabindex=\"-1\" >\n\t\t\t<div class=\"elementor-post__thumbnail\"><img decoding=\"async\" width=\"1024\" height=\"424\" src=\"https:\/\/iterlex.lt\/wp-content\/uploads\/2025\/04\/istockphoto-180698732-1024x1024-1-1.jpg\" class=\"attachment-full size-full wp-image-26016\" alt=\"\" srcset=\"https:\/\/iterlex.lt\/wp-content\/uploads\/2025\/04\/istockphoto-180698732-1024x1024-1-1.jpg 1024w, https:\/\/iterlex.lt\/wp-content\/uploads\/2025\/04\/istockphoto-180698732-1024x1024-1-1-300x124.jpg 300w, https:\/\/iterlex.lt\/wp-content\/uploads\/2025\/04\/istockphoto-180698732-1024x1024-1-1-768x318.jpg 768w, https:\/\/iterlex.lt\/wp-content\/uploads\/2025\/04\/istockphoto-180698732-1024x1024-1-1-18x7.jpg 18w, https:\/\/iterlex.lt\/wp-content\/uploads\/2025\/04\/istockphoto-180698732-1024x1024-1-1-600x248.jpg 600w\" sizes=\"(max-width: 1024px) 100vw, 1024px\" \/><\/div>\n\t\t<\/a>\n\t\t\t\t<div class=\"elementor-post__text\">\n\t\t\t\t<h3 class=\"elementor-post__title\">\n\t\t\t<a href=\"https:\/\/iterlex.lt\/ru\/teismai-netoleruoja-spekuliaciju-kas-svarbu-irodinejant-apsimestini-sandori-ir-kokios-galimos-pasekmes\/\" >\n\t\t\t\tTeismai netoleruoja spekuliacij\u0173: kas svarbu \u012frodin\u0117jant apsimestin\u012f sandor\u012f ir kokios galimos pas\u0117km\u0117s?\t\t\t<\/a>\n\t\t<\/h3>\n\t\t\t\t<div class=\"elementor-post__excerpt\">\n\t\t\t<p>Apsimestinis sandoris. Kokios teisin\u0117s pasekm\u0117s ir \u012ftaka teis\u0117ms.<\/p>\n\t\t<\/div>\n\t\t\n\t\t<a class=\"elementor-post__read-more\" href=\"https:\/\/iterlex.lt\/ru\/teismai-netoleruoja-spekuliaciju-kas-svarbu-irodinejant-apsimestini-sandori-ir-kokios-galimos-pasekmes\/\" aria-label=\"Read more about Teismai netoleruoja spekuliacij\u0173: kas svarbu \u012frodin\u0117jant apsimestin\u012f sandor\u012f ir kokios galimos pas\u0117km\u0117s?\" tabindex=\"-1\" >\n\t\t\tSkaityti toliau\t\t<\/a>\n\n\t\t\t\t<\/div>\n\t\t\t\t<\/article>\n\t\t\t\t<article class=\"elementor-post elementor-grid-item post-25999 post type-post status-publish format-standard has-post-thumbnail hentry category-be-kategorijos\">\n\t\t\t\t<a class=\"elementor-post__thumbnail__link\" href=\"https:\/\/iterlex.lt\/ru\/ar-imanoma-atideti-privalomaja-karo-tarnyba\/\" tabindex=\"-1\" >\n\t\t\t<div class=\"elementor-post__thumbnail\"><img decoding=\"async\" width=\"1920\" height=\"1280\" src=\"https:\/\/iterlex.lt\/wp-content\/uploads\/2023\/04\/marines-2674096_1920.jpg\" class=\"attachment-full size-full wp-image-24818\" alt=\"\" srcset=\"https:\/\/iterlex.lt\/wp-content\/uploads\/2023\/04\/marines-2674096_1920.jpg 1920w, https:\/\/iterlex.lt\/wp-content\/uploads\/2023\/04\/marines-2674096_1920-300x200.jpg 300w, https:\/\/iterlex.lt\/wp-content\/uploads\/2023\/04\/marines-2674096_1920-1024x683.jpg 1024w, https:\/\/iterlex.lt\/wp-content\/uploads\/2023\/04\/marines-2674096_1920-768x512.jpg 768w, https:\/\/iterlex.lt\/wp-content\/uploads\/2023\/04\/marines-2674096_1920-1536x1024.jpg 1536w\" sizes=\"(max-width: 1920px) 100vw, 1920px\" \/><\/div>\n\t\t<\/a>\n\t\t\t\t<div class=\"elementor-post__text\">\n\t\t\t\t<h3 class=\"elementor-post__title\">\n\t\t\t<a href=\"https:\/\/iterlex.lt\/ru\/ar-imanoma-atideti-privalomaja-karo-tarnyba\/\" >\n\t\t\t\tAr \u012fmanoma atid\u0117ti privalom\u0105j\u0105 karo tarnyb\u0105?\t\t\t<\/a>\n\t\t<\/h3>\n\t\t\t\t<div class=\"elementor-post__excerpt\">\n\t\t\t<p>Privalomosios karo tarnybos atid\u0117jimo individualia tvarka s\u0105lygos \u012ftvirtintos Lietuvos Respublikos karo prievol\u0117s \u012fstatymo 15 straipsnyje, kurioms esant karo tarnyba atidedama<\/p>\n\t\t<\/div>\n\t\t\n\t\t<a class=\"elementor-post__read-more\" href=\"https:\/\/iterlex.lt\/ru\/ar-imanoma-atideti-privalomaja-karo-tarnyba\/\" aria-label=\"Read more about Ar \u012fmanoma atid\u0117ti privalom\u0105j\u0105 karo tarnyb\u0105?\" tabindex=\"-1\" >\n\t\t\tSkaityti toliau\t\t<\/a>\n\n\t\t\t\t<\/div>\n\t\t\t\t<\/article>\n\t\t\t\t<article class=\"elementor-post elementor-grid-item post-25980 post type-post status-publish format-standard has-post-thumbnail hentry category-be-kategorijos tag-eztt tag-leidimas-gyvneti tag-leidimo-gyventi-panaikinimas tag-migracijos-teise tag-peticija tag-skundas-del-leidimo-gyventi tag-uzsienieciai\">\n\t\t\t\t<a class=\"elementor-post__thumbnail__link\" href=\"https:\/\/iterlex.lt\/ru\/teisingumo-paieskos-europos-zmogaus-teisiu-teisme\/\" tabindex=\"-1\" >\n\t\t\t<div class=\"elementor-post__thumbnail\"><img loading=\"lazy\" decoding=\"async\" width=\"1280\" height=\"853\" src=\"https:\/\/iterlex.lt\/wp-content\/uploads\/2024\/06\/justice-2060093_1280.jpg\" class=\"attachment-full size-full wp-image-25981\" alt=\"\" srcset=\"https:\/\/iterlex.lt\/wp-content\/uploads\/2024\/06\/justice-2060093_1280.jpg 1280w, https:\/\/iterlex.lt\/wp-content\/uploads\/2024\/06\/justice-2060093_1280-300x200.jpg 300w, https:\/\/iterlex.lt\/wp-content\/uploads\/2024\/06\/justice-2060093_1280-1024x682.jpg 1024w, https:\/\/iterlex.lt\/wp-content\/uploads\/2024\/06\/justice-2060093_1280-768x512.jpg 768w, https:\/\/iterlex.lt\/wp-content\/uploads\/2024\/06\/justice-2060093_1280-18x12.jpg 18w, https:\/\/iterlex.lt\/wp-content\/uploads\/2024\/06\/justice-2060093_1280-600x400.jpg 600w\" sizes=\"(max-width: 1280px) 100vw, 1280px\" \/><\/div>\n\t\t<\/a>\n\t\t\t\t<div class=\"elementor-post__text\">\n\t\t\t\t<h3 class=\"elementor-post__title\">\n\t\t\t<a href=\"https:\/\/iterlex.lt\/ru\/teisingumo-paieskos-europos-zmogaus-teisiu-teisme\/\" >\n\t\t\t\tTeisingumo paie\u0161kos Europos \u017dmogaus Teisi\u0173 Teisme\t\t\t<\/a>\n\t\t<\/h3>\n\t\t\t\t<div class=\"elementor-post__excerpt\">\n\t\t\t<p>Skubame pasidalinti svarbia bei d\u017eiugia naujiena &#8211; m\u016bs\u0173 rengta peticija Europos \u017dmogaus Teisi\u0173 Teismui \u012fveik\u0117 pirmin\u012f priimtinumo vertinimo barjer\u0105, tod\u0117l\t\t<\/div>\n\t\t\n\t\t<a class=\"elementor-post__read-more\" href=\"https:\/\/iterlex.lt\/ru\/teisingumo-paieskos-europos-zmogaus-teisiu-teisme\/\" aria-label=\"Read more about Teisingumo paie\u0161kos Europos \u017dmogaus Teisi\u0173 Teisme\" tabindex=\"-1\" >\n\t\t\tSkaityti toliau\t\t<\/a>\n\n\t\t\t\t<\/div>\n\t\t\t\t<\/article>\n\t\t\t\t<\/div>\n\t\t\n\t\t\t\t<div class=\"e-load-more-anchor\" data-page=\"1\" data-max-page=\"2\" data-next-page=\"https:\/\/iterlex.lt\/ru\/wp-json\/wp\/v2\/pages\/25084\/page\/2\/\"><\/div>\n\t\t\t\t<nav class=\"elementor-pagination\" aria-label=\"Pagination\">\n\t\t\t<span class=\"page-numbers prev\">&laquo; Praeitas<\/span>\n<a class=\"page-numbers next\" href=\"https:\/\/iterlex.lt\/ru\/wp-json\/wp\/v2\/pages\/25084\/page\/2\/\">Sekantis &raquo;<\/a>\t\t<\/nav>\n\t\t\t\t\t\t<\/div>\n\t\t\t\t<\/div>\n\t\t\t\t\t<\/div>\n\t\t<\/div>\n\t\t\t\t<div class=\"elementor-column elementor-col-50 elementor-top-column elementor-element elementor-element-3f3cf753\" data-id=\"3f3cf753\" data-element_type=\"column\" data-e-type=\"column\" data-settings=\"{&quot;background_background&quot;:&quot;classic&quot;}\">\n\t\t\t<div class=\"elementor-widget-wrap elementor-element-populated\">\n\t\t\t\t\t\t<section class=\"elementor-section elementor-inner-section elementor-element elementor-element-2a565282 elementor-hidden-tablet elementor-hidden-mobile elementor-section-boxed elementor-section-height-default elementor-section-height-default\" data-id=\"2a565282\" data-element_type=\"section\" data-e-type=\"section\" data-settings=\"{&quot;shape_divider_bottom&quot;:&quot;tilt&quot;}\">\n\t\t\t\t\t<div class=\"elementor-shape elementor-shape-bottom\" aria-hidden=\"true\" data-negative=\"false\">\n\t\t\t<svg xmlns=\"http:\/\/www.w3.org\/2000\/svg\" viewbox=\"0 0 1000 100\" preserveaspectratio=\"none\">\n\t<path class=\"elementor-shape-fill\" d=\"M0,6V0h1000v100L0,6z\"\/>\n<\/svg>\t\t<\/div>\n\t\t\t\t\t<div class=\"elementor-container elementor-column-gap-default\">\n\t\t\t\t\t<div class=\"elementor-column elementor-col-100 elementor-inner-column elementor-element elementor-element-71997f38\" data-id=\"71997f38\" data-element_type=\"column\" data-e-type=\"column\" data-settings=\"{&quot;background_background&quot;:&quot;classic&quot;}\">\n\t\t\t<div class=\"elementor-widget-wrap\">\n\t\t\t\t\t\t\t<\/div>\n\t\t<\/div>\n\t\t\t\t\t<\/div>\n\t\t<\/section>\n\t\t\t\t<div class=\"elementor-element elementor-element-1ab7c526 elementor-hidden-tablet elementor-hidden-mobile elementor-widget elementor-widget-spacer\" data-id=\"1ab7c526\" data-element_type=\"widget\" data-e-type=\"widget\" data-widget_type=\"spacer.default\">\n\t\t\t\t<div class=\"elementor-widget-container\">\n\t\t\t\t\t\t\t<div class=\"elementor-spacer\">\n\t\t\t<div class=\"elementor-spacer-inner\"><\/div>\n\t\t<\/div>\n\t\t\t\t\t\t<\/div>\n\t\t\t\t<\/div>\n\t\t\t\t<div class=\"elementor-element elementor-element-d25e4b3 elementor-widget elementor-widget-heading\" data-id=\"d25e4b3\" data-element_type=\"widget\" data-e-type=\"widget\" data-widget_type=\"heading.default\">\n\t\t\t\t<div class=\"elementor-widget-container\">\n\t\t\t\t\t<h2 class=\"elementor-heading-title elementor-size-default\">Teisin\u0117s paslaugos<\/h2>\t\t\t\t<\/div>\n\t\t\t\t<\/div>\n\t\t\t\t<div class=\"elementor-element elementor-element-40e10126 elementor-align-start elementor-icon-list--layout-traditional elementor-list-item-link-full_width elementor-widget elementor-widget-icon-list\" data-id=\"40e10126\" data-element_type=\"widget\" data-e-type=\"widget\" data-widget_type=\"icon-list.default\">\n\t\t\t\t<div class=\"elementor-widget-container\">\n\t\t\t\t\t\t\t<ul class=\"elementor-icon-list-items\">\n\t\t\t\t\t\t\t<li class=\"elementor-icon-list-item\">\n\t\t\t\t\t\t\t\t\t\t\t<span class=\"elementor-icon-list-icon\">\n\t\t\t\t\t\t\t<i aria-hidden=\"true\" class=\"fas fa-user-friends\"><\/i>\t\t\t\t\t\t<\/span>\n\t\t\t\t\t\t\t\t\t\t<span class=\"elementor-icon-list-text\">\u0421\u0435\u043c\u0435\u0439\u043d\u043e\u0435 \u043f\u0440\u0430\u0432\u043e - \u0440\u0430\u0437\u0432\u043e\u0434 \u0438 \u0434\u0440\u0443\u0433oe<\/span>\n\t\t\t\t\t\t\t\t\t<\/li>\n\t\t\t\t\t\t\t\t<li class=\"elementor-icon-list-item\">\n\t\t\t\t\t\t\t\t\t\t\t<span class=\"elementor-icon-list-icon\">\n\t\t\t\t\t\t\t<i aria-hidden=\"true\" class=\"fas fa-file-invoice\"><\/i>\t\t\t\t\t\t<\/span>\n\t\t\t\t\t\t\t\t\t\t<span class=\"elementor-icon-list-text\">\u041f\u0440\u0430\u0432\u043e \u043e\u0431\u044f\u0437\u0430\u0442\u0435\u043b\u044c\u0441\u0442\u0432 \u0438 \u0434\u043e\u0433\u043e\u0432\u043e\u0440\u043e\u0432<\/span>\n\t\t\t\t\t\t\t\t\t<\/li>\n\t\t\t\t\t\t\t\t<li class=\"elementor-icon-list-item\">\n\t\t\t\t\t\t\t\t\t\t\t<span class=\"elementor-icon-list-icon\">\n\t\t\t\t\t\t\t<i aria-hidden=\"true\" class=\"fas fa-arrows-alt-h\"><\/i>\t\t\t\t\t\t<\/span>\n\t\t\t\t\t\t\t\t\t\t<span class=\"elementor-icon-list-text\">\u041f\u0440\u0435\u0442\u0435\u043d\u0437\u0438\u0438 \u0438 \u0441\u043f\u043e\u0440\u044b \u043f\u043e \u043f\u043e\u0432\u043e\u0434\u0443 \u0430\u0432\u0442o<\/span>\n\t\t\t\t\t\t\t\t\t<\/li>\n\t\t\t\t\t\t\t\t<li class=\"elementor-icon-list-item\">\n\t\t\t\t\t\t\t\t\t\t\t<span class=\"elementor-icon-list-icon\">\n\t\t\t\t\t\t\t<i aria-hidden=\"true\" class=\"fas fa-book\"><\/i>\t\t\t\t\t\t<\/span>\n\t\t\t\t\t\t\t\t\t\t<span class=\"elementor-icon-list-text\">\u0414\u0435\u043b\u0438\u043a\u0442\u043d\u0430\u044f \u043e\u0442\u0432\u0435\u0442\u0441\u0442\u0432\u0435\u043d\u043d\u043e\u0441\u0442\u044c<\/span>\n\t\t\t\t\t\t\t\t\t<\/li>\n\t\t\t\t\t\t\t\t<li class=\"elementor-icon-list-item\">\n\t\t\t\t\t\t\t\t\t\t\t<span class=\"elementor-icon-list-icon\">\n\t\t\t\t\t\t\t<i aria-hidden=\"true\" class=\"fas fa-user-tie\"><\/i>\t\t\t\t\t\t<\/span>\n\t\t\t\t\t\t\t\t\t\t<span class=\"elementor-icon-list-text\">\u0422\u0440\u0443\u0434\u043e\u0432\u043e\u0435 \u043f\u0440\u0430\u0432\u043e \u0438 \u0442\u0440\u0443\u0434\u043e\u0432\u044b\u0435 \u0441\u043f\u043e\u0440\u044b<\/span>\n\t\t\t\t\t\t\t\t\t<\/li>\n\t\t\t\t\t\t\t\t<li class=\"elementor-icon-list-item\">\n\t\t\t\t\t\t\t\t\t\t\t<span class=\"elementor-icon-list-icon\">\n\t\t\t\t\t\t\t<i aria-hidden=\"true\" class=\"far fa-clone\"><\/i>\t\t\t\t\t\t<\/span>\n\t\t\t\t\t\t\t\t\t\t<span class=\"elementor-icon-list-text\">\u0414\u0440\u0443\u0433\u0438\u0435 \u044e\u0440\u0438\u0434\u0438\u0447\u0435\u0441\u043a\u0438\u0435 \u0443\u0441\u043b\u0443\u0433\u0438<\/span>\n\t\t\t\t\t\t\t\t\t<\/li>\n\t\t\t\t\t\t<\/ul>\n\t\t\t\t\t\t<\/div>\n\t\t\t\t<\/div>\n\t\t\t\t<div class=\"elementor-element elementor-element-1b918c27 elementor-widget elementor-widget-heading\" data-id=\"1b918c27\" data-element_type=\"widget\" data-e-type=\"widget\" data-widget_type=\"heading.default\">\n\t\t\t\t<div class=\"elementor-widget-container\">\n\t\t\t\t\t<p class=\"elementor-heading-title elementor-size-default\">Taip pat u\u017etikrinsime J\u016bs\u0173 teisi\u0173 ir teis\u0117t\u0173 interes\u0173 \u012fgyvendinim\u0105 kitais teisiniais klausimais<\/p>\t\t\t\t<\/div>\n\t\t\t\t<\/div>\n\t\t\t\t<div class=\"elementor-element elementor-element-10bf129d elementor-widget elementor-widget-spacer\" data-id=\"10bf129d\" data-element_type=\"widget\" data-e-type=\"widget\" data-widget_type=\"spacer.default\">\n\t\t\t\t<div class=\"elementor-widget-container\">\n\t\t\t\t\t\t\t<div class=\"elementor-spacer\">\n\t\t\t<div class=\"elementor-spacer-inner\"><\/div>\n\t\t<\/div>\n\t\t\t\t\t\t<\/div>\n\t\t\t\t<\/div>\n\t\t\t\t<div class=\"elementor-element elementor-element-27bb5258 elementor-widget elementor-widget-spacer\" data-id=\"27bb5258\" data-element_type=\"widget\" data-e-type=\"widget\" data-widget_type=\"spacer.default\">\n\t\t\t\t<div class=\"elementor-widget-container\">\n\t\t\t\t\t\t\t<div class=\"elementor-spacer\">\n\t\t\t<div class=\"elementor-spacer-inner\"><\/div>\n\t\t<\/div>\n\t\t\t\t\t\t<\/div>\n\t\t\t\t<\/div>\n\t\t\t\t<section class=\"elementor-section elementor-inner-section elementor-element elementor-element-2be84226 elementor-section-boxed elementor-section-height-default elementor-section-height-default\" data-id=\"2be84226\" data-element_type=\"section\" data-e-type=\"section\" data-settings=\"{&quot;background_background&quot;:&quot;classic&quot;}\">\n\t\t\t\t\t\t\t<div class=\"elementor-background-overlay\"><\/div>\n\t\t\t\t\t\t\t<div class=\"elementor-container elementor-column-gap-default\">\n\t\t\t\t\t<div class=\"elementor-column elementor-col-100 elementor-inner-column elementor-element elementor-element-26c4763a\" data-id=\"26c4763a\" data-element_type=\"column\" data-e-type=\"column\">\n\t\t\t<div class=\"elementor-widget-wrap elementor-element-populated\">\n\t\t\t\t\t\t<div class=\"elementor-element elementor-element-6f9ddbff elementor-widget elementor-widget-heading\" data-id=\"6f9ddbff\" data-element_type=\"widget\" data-e-type=\"widget\" data-widget_type=\"heading.default\">\n\t\t\t\t<div class=\"elementor-widget-container\">\n\t\t\t\t\t<h2 class=\"elementor-heading-title elementor-size-default\">\u0421\u0432\u044f\u0437\u0430\u0442\u044c\u0441\u044f<\/h2>\t\t\t\t<\/div>\n\t\t\t\t<\/div>\n\t\t\t\t<div class=\"elementor-element elementor-element-1170db1 elementor-widget elementor-widget-heading\" data-id=\"1170db1\" data-element_type=\"widget\" data-e-type=\"widget\" data-widget_type=\"heading.default\">\n\t\t\t\t<div class=\"elementor-widget-container\">\n\t\t\t\t\t<p class=\"elementor-heading-title elementor-size-default\">Pirmin\u0117 konsultacija nemokama!<\/p>\t\t\t\t<\/div>\n\t\t\t\t<\/div>\n\t\t\t\t<div class=\"elementor-element elementor-element-53df9de elementor-align-justify elementor-widget elementor-widget-button\" data-id=\"53df9de\" data-element_type=\"widget\" data-e-type=\"widget\" data-widget_type=\"button.default\">\n\t\t\t\t<div class=\"elementor-widget-container\">\n\t\t\t\t\t\t\t\t\t<div class=\"elementor-button-wrapper\">\n\t\t\t\t\t<a class=\"elementor-button elementor-button-link elementor-size-lg\" href=\"#konsultacija\">\n\t\t\t\t\t\t<span class=\"elementor-button-content-wrapper\">\n\t\t\t\t\t\t\t\t\t<span class=\"elementor-button-text\">SUSISIEKTI KONSULTACIJAI<\/span>\n\t\t\t\t\t<\/span>\n\t\t\t\t\t<\/a>\n\t\t\t\t<\/div>\n\t\t\t\t\t\t\t\t<\/div>\n\t\t\t\t<\/div>\n\t\t\t\t\t<\/div>\n\t\t<\/div>\n\t\t\t\t\t<\/div>\n\t\t<\/section>\n\t\t\t\t\t<\/div>\n\t\t<\/div>\n\t\t\t\t\t<\/div>\n\t\t<\/section>\n\t\t\t\t<\/div>","protected":false},"excerpt":{"rendered":"<p>Pagrindinis Teisin\u0117s paslaugos \u0160eimos teis\u0117 ir skyrybos Prievoli\u0173 ir sutar\u010di\u0173 teis\u0117 Autopretenzijos ir gin\u010dai Deliktin\u0117 atsakomyb\u0117, \u017ealos atlyginimas Darbo teis\u0117 ir darbo gin\u010dai Kitos teisin\u0117s paslaugos Taip pat u\u017etikrinsime J\u016bs\u0173 teisi\u0173 ir teis\u0117t\u0173 interes\u0173 \u012fgyvendinim\u0105 kitais teisiniais klausimais Susisiekite Pirmin\u0117 konsultacija nemokama! SUSISIEKTI KONSULTACIJAI<\/p>","protected":false},"author":3,"featured_media":0,"parent":0,"menu_order":0,"comment_status":"closed","ping_status":"closed","template":"","meta":{"_editorskit_title_hidden":false,"_editorskit_reading_time":0,"_editorskit_is_block_options_detached":false,"_editorskit_block_options_position":"{}","footnotes":""},"class_list":["post-25084","page","type-page","status-publish","hentry"],"_links":{"self":[{"href":"https:\/\/iterlex.lt\/ru\/wp-json\/wp\/v2\/pages\/25084","targetHints":{"allow":["GET"]}}],"collection":[{"href":"https:\/\/iterlex.lt\/ru\/wp-json\/wp\/v2\/pages"}],"about":[{"href":"https:\/\/iterlex.lt\/ru\/wp-json\/wp\/v2\/types\/page"}],"author":[{"embeddable":true,"href":"https:\/\/iterlex.lt\/ru\/wp-json\/wp\/v2\/users\/3"}],"replies":[{"embeddable":true,"href":"https:\/\/iterlex.lt\/ru\/wp-json\/wp\/v2\/comments?post=25084"}],"version-history":[{"count":58,"href":"https:\/\/iterlex.lt\/ru\/wp-json\/wp\/v2\/pages\/25084\/revisions"}],"predecessor-version":[{"id":26060,"href":"https:\/\/iterlex.lt\/ru\/wp-json\/wp\/v2\/pages\/25084\/revisions\/26060"}],"wp:attachment":[{"href":"https:\/\/iterlex.lt\/ru\/wp-json\/wp\/v2\/media?parent=25084"}],"curies":[{"name":"wp","href":"https:\/\/api.w.org\/{rel}","templated":true}]}}