{"id":25344,"date":"2023-09-16T21:18:15","date_gmt":"2023-09-16T19:18:15","guid":{"rendered":"https:\/\/iterlex.lt\/?page_id=25344"},"modified":"2026-02-03T23:00:52","modified_gmt":"2026-02-03T21:00:52","slug":"deliktine-atsakomybe-zalos-atlyginimas","status":"publish","type":"page","link":"https:\/\/iterlex.lt\/pl\/deliktine-atsakomybe-zalos-atlyginimas\/","title":{"rendered":"Odpowiedzialno\u015b\u0107 deliktowa"},"content":{"rendered":"<div data-elementor-type=\"wp-page\" data-elementor-id=\"25344\" class=\"elementor elementor-25344\" data-elementor-post-type=\"page\">\n\t\t\t\t<div class=\"elementor-element elementor-element-d3aa95c e-flex e-con-boxed e-con e-parent\" data-id=\"d3aa95c\" data-element_type=\"container\" data-e-type=\"container\">\n\t\t\t\t\t<div class=\"e-con-inner\">\n\t\t\t\t<div class=\"elementor-element elementor-element-07bac0c elementor-widget elementor-widget-html\" data-id=\"07bac0c\" data-element_type=\"widget\" data-e-type=\"widget\" data-widget_type=\"html.default\">\n\t\t\t\t<div class=\"elementor-widget-container\">\n\t\t\t\t\t<style>\n.tort-law-section {\n    font-family: 'Segoe UI', Tahoma, Geneva, Verdana, sans-serif;\n    color: #333;\n    line-height: 1.8;\n}\n\n.tl-content-wrapper {\n    display: grid;\n    grid-template-columns: 1fr 1fr;\n    gap: 50px;\n    margin-bottom: 50px;\n    align-items: start;\n}\n\n.tl-image-block {\n    position: sticky;\n    top: 20px;\n}\n\n.tl-image-block img {\n    width: 100%;\n    height: auto;\n    border-radius: 15px;\n    box-shadow: 0 10px 40px rgba(0,0,0,0.15);\n    transition: transform 0.3s ease;\n}\n\n.tl-image-block img:hover {\n    transform: scale(1.02);\n}\n\n.tl-image-cta {\n    background: #1a1a1a;\n    color: white;\n    padding: 30px;\n    border-radius: 15px;\n    text-align: center;\n    margin-top: 25px;\n}\n\n.tl-image-cta h3 {\n    font-size: 1.5em;\n    margin: 0 0 15px 0;\n    font-weight: 600;\n    color: #ffffff;\n}\n\n.tl-image-cta p {\n    font-size: 1em;\n    margin: 0 0 20px 0;\n    color: #d4d4d4;\n}\n\n.tl-cta-button {\n    display: inline-block;\n    background: #d4a574;\n    color: #1a1a1a;\n    padding: 14px 35px;\n    text-decoration: none;\n    border-radius: 8px;\n    font-weight: 600;\n    font-size: 1em;\n    transition: all 0.3s ease;\n    border: 2px solid #d4a574;\n}\n\n.tl-cta-button:hover {\n    background: transparent;\n    color: #d4a574;\n    transform: translateY(-2px);\n    box-shadow: 0 5px 15px rgba(212, 165, 116, 0.3);\n}\n\n.tl-services-box {\n    background: #f8f9fa;\n    padding: 40px;\n    border-radius: 15px;\n    box-shadow: 0 5px 20px rgba(0,0,0,0.08);\n}\n\n.tl-services-box h2 {\n    font-size: 2em;\n    color: #1a1a1a;\n    margin: 0 0 30px 0;\n    font-weight: 700;\n}\n\n.tl-services-list {\n    list-style: none;\n    padding: 0;\n    margin: 0;\n}\n\n.tl-services-list li {\n    padding: 15px 0 15px 40px;\n    position: relative;\n    border-bottom: 1px solid #e0e0e0;\n    transition: all 0.3s ease;\n}\n\n.tl-services-list li:last-child {\n    border-bottom: none;\n}\n\n.tl-services-list li:before {\n    content: \"\u2713\";\n    position: absolute;\n    left: 0;\n    top: 15px;\n    width: 28px;\n    height: 28px;\n    background: #d4a574;\n    color: #1a1a1a;\n    border-radius: 50%;\n    display: flex;\n    align-items: center;\n    justify-content: center;\n    font-weight: bold;\n    font-size: 16px;\n}\n\n.tl-services-list li:hover {\n    padding-left: 45px;\n    color: #d4a574;\n}\n\n.tl-definition-box {\n    background: #f5f5f5;\n    border-left: 5px solid #1a1a1a;\n    padding: 30px;\n    border-radius: 10px;\n    margin: 40px 0;\n    box-shadow: 0 5px 15px rgba(0,0,0,0.08);\n}\n\n.tl-definition-box h3 {\n    color: #1a1a1a;\n    font-size: 1.6em;\n    margin: 0 0 20px 0;\n    font-weight: 700;\n}\n\n.tl-definition-box p {\n    margin: 15px 0;\n    color: #333;\n}\n\n.tl-examples-box {\n    background: #fff8f0;\n    border-left: 5px solid #d4a574;\n    padding: 30px;\n    border-radius: 10px;\n    margin: 40px 0;\n    box-shadow: 0 5px 15px rgba(0,0,0,0.08);\n}\n\n.tl-examples-box h3 {\n    color: #1a1a1a;\n    font-size: 1.6em;\n    margin: 0 0 20px 0;\n    font-weight: 700;\n}\n\n.tl-examples-box p {\n    margin: 15px 0;\n    color: #333;\n}\n\n.tl-highlight-box {\n    background: #1a1a1a;\n    color: white;\n    padding: 30px;\n    border-radius: 10px;\n    margin: 40px 0;\n    box-shadow: 0 5px 15px rgba(0,0,0,0.15);\n}\n\n.tl-highlight-box h3 {\n    color: #d4a574;\n    font-size: 1.6em;\n    margin: 0 0 20px 0;\n    font-weight: 700;\n}\n\n.tl-highlight-box p {\n    margin: 15px 0;\n    color: #d4d4d4;\n}\n\n.tl-final-cta {\n    background: #1a1a1a;\n    color: white;\n    padding: 50px;\n    border-radius: 15px;\n    text-align: center;\n    margin-top: 50px;\n    box-shadow: 0 10px 30px rgba(0,0,0,0.2);\n}\n\n.tl-final-cta h3 {\n    font-size: 2em;\n    margin: 0 0 20px 0;\n    font-weight: 700;\n    color: #d4a574;\n}\n\n.tl-final-cta p {\n    font-size: 1.2em;\n    margin: 0 0 25px 0;\n    line-height: 1.6;\n}\n\n@media (max-width: 968px) {\n    .tl-content-wrapper {\n        grid-template-columns: 1fr;\n        gap: 40px;\n    }\n    \n    .tl-image-block {\n        position: relative;\n        top: 0;\n    }\n    \n    .tl-services-box {\n        padding: 30px 20px;\n    }\n    \n    .tl-definition-box,\n    .tl-examples-box,\n    .tl-highlight-box,\n    .tl-final-cta {\n        padding: 25px 20px;\n    }\n}\n\n@media (max-width: 600px) {\n    .tort-law-section {\n        padding: 40px 15px;\n    }\n    \n    .tl-services-box h2,\n    .tl-definition-box h3,\n    .tl-examples-box h3,\n    .tl-highlight-box h3,\n    .tl-final-cta h3 {\n        font-size: 1.4em;\n    }\n    \n    .tl-image-cta {\n        padding: 20px;\n    }\n    \n    .tl-image-cta h3 {\n        font-size: 1.2em;\n    }\n}\n<\/style>\n\n<div class=\"tort-law-section\">\n    <div class=\"tl-content-wrapper\">\n        <div class=\"tl-image-block\">\n            <img decoding=\"async\" src=\"https:\/\/iterlex.lt\/wp-content\/uploads\/2023\/09\/bookcase-chancellery-attorney-335849.jpg\" alt=\"Deliktin\u0117 atsakomyb\u0117 - \u017ealos atlyginimas\">\n            \n            <div class=\"tl-image-cta\">\n                <h3>Potrzebujesz porady?<\/h3>\n                <p>Skontaktuj si\u0119 z nami i uzyskaj profesjonaln\u0105 pomoc prawn\u0105<\/p>\n                <a href=\"https:\/\/iterlex.lt\/pl\/kontaktai\/\" class=\"tl-cta-button\">Kontakt<\/a>\n            <\/div>\n        <\/div>\n\n        <div class=\"tl-services-box\">\n            <h2>\u015awiadczone us\u0142ugi prawne<\/h2>\n            \n            <ul class=\"tl-services-list\">\n                <li>Porady prawne w zakresie odszkodowa\u0144<\/li>\n                <li>Reprezentacja w sporach i przygotowywanie dokument\u00f3w s\u0105dowych i procesowych<\/li>\n            <\/ul>\n        <\/div>\n    <\/div>\n\n    <div class=\"tl-definition-box\">\n        <h3>Czym jest odpowiedzialno\u015b\u0107 deliktowa?<\/h3>\n        <p>W najog\u00f3lniejszym sensie odpowiedzialno\u015b\u0107 deliktowa obejmuje przypadki, w kt\u00f3rych strony nie s\u0105 zwi\u0105zane stosunkiem umownym, ale w wyniku bezprawnych dzia\u0142a\u0144 jednego z podmiot\u00f3w drugiej stronie zostaje wyrz\u0105dzona szkoda lub strata.<\/p>\n        <p>W najprostszym uj\u0119ciu jest to naruszenie obowi\u0105zku zachowania ostro\u017cno\u015bci, staranno\u015bci i post\u0119powania w taki spos\u00f3b, aby nie wyrz\u0105dzi\u0107 szkody ani strat innym osobom, okre\u015blonego w Kodeksie cywilnym Republiki Litewskiej.<\/p>\n        <p>W zwi\u0105zku z tym druga strona, kt\u00f3ra ponios\u0142a szkod\u0119 lub straty w wyniku bezprawnych dzia\u0142a\u0144 innego podmiotu, ma prawo dochodzi\u0107 odszkodowania za t\u0119 szkod\u0119.<\/p>\n    <\/div>\n\n    <div class=\"tl-examples-box\">\n        <h3>Najcz\u0119\u015bciej spotykane przypadki<\/h3>\n        <p>Najcz\u0119\u015bciej spotykane w praktyce przyk\u0142ady odpowiedzialno\u015bci deliktowej to:<\/p>\n        <ul style=\"list-style: disc; padding-left: 20px; margin: 15px 0;\">\n            <li>Szkody spowodowane w wyniku wypadku drogowego<\/li>\n            <li>Zniszczenie lub uszkodzenie cudzego mienia<\/li>\n            <li>Inne bezprawne dzia\u0142ania, kt\u00f3re spowodowa\u0142y szkody lub straty<\/li>\n        <\/ul>\n        <p>Zazwyczaj w takich przypadkach konieczne jest stwierdzenie bezprawnych dzia\u0142a\u0144 danej osoby, zwi\u0105zku przyczynowego mi\u0119dzy dzia\u0142aniami a wyst\u0105pieniem negatywnych skutk\u00f3w oraz winy.<\/p>\n        <p>W niekt\u00f3rych przypadkach podmioty podlegaj\u0105 surowej formie odpowiedzialno\u015bci, tzn. bez stwierdzenia winy.<\/p>\n    <\/div>\n\n    <div class=\"tl-highlight-box\">\n        <h3>Dlaczego konieczna jest profesjonalna pomoc prawna?<\/h3>\n        <p>Nale\u017cy zauwa\u017cy\u0107, \u017ce spory tego rodzaju s\u0105 zazwyczaj rozstrzygane w drodze post\u0119powania s\u0105dowego, chyba \u017ce druga strona zgodzi si\u0119 dobrowolnie zrekompensowa\u0107 szkody spowodowane swoimi dzia\u0142aniami.<\/p>\n        <p><strong>Dlatego od samego pocz\u0105tku, gdy pojawi\u0142a si\u0119 podstawa do dochodzenia odszkodowania, konieczne jest zapewnienie sobie odpowiedniej reprezentacji i niezw\u0142oczne zwr\u00f3cenie si\u0119 o pomoc prawn\u0105.<\/strong><\/p>\n        <p>Proces dochodzenia odszkodowania lub obrony przed bezpodstawnym roszczeniem o odszkodowanie wi\u0105\u017ce si\u0119 z dok\u0142adnym ustaleniem okoliczno\u015bci faktycznych i odpowiednim przedstawieniem ich w sensie prawnym.<\/p>\n        <p>Dlatego nawet w przypadkach, gdy roszczenie jest uwa\u017cane za (nie)uzasadnione, zaleca si\u0119 skorzystanie z profesjonalnej pomocy prawnej.<\/p>\n    <\/div>\n\n    <div class=\"tl-final-cta\">\n        <h3>Konsultacje w sprawach odszkodowa\u0144<\/h3>\n        <p>Skontaktuj si\u0119 z nami, aby uzyska\u0107 profesjonaln\u0105 konsultacj\u0119 i reprezentacj\u0119 w sprawach dotycz\u0105cych odpowiedzialno\u015bci deliktowej.<\/p>\n        <a href=\"https:\/\/iterlex.lt\/pl\/kontaktai\/\" class=\"tl-cta-button\">Kontakt<\/a>\n    <\/div>\n<\/div>\t\t\t\t<\/div>\n\t\t\t\t<\/div>\n\t\t\t\t\t<\/div>\n\t\t\t\t<\/div>\n\t\t\t\t<\/div>","protected":false},"excerpt":{"rendered":"<p>Reikalinga konsultacija? Susisiekite su mumis ir gaukite profesionali\u0105 teisin\u0119 pagalb\u0105 Susisiekti Teikiamos Teisin\u0117s Paslaugos Teisin\u0117s konsultacijos \u017ealos atlyginimo klausimais Atstovavimas gin\u010duose ir teismini\u0173, procesini\u0173 dokument\u0173 rengimas Kas Yra Deliktin\u0117 Atsakomyb\u0117? Bendriausia prasme deliktin\u0117 atsakomyb\u0117 apima atvejus, kai \u0161ali\u0173 nesieja sutartiniai santykiai, ta\u010diau d\u0117l vieno i\u0161 subjekt\u0173 neteis\u0117t\u0173 veiksm\u0173 kitai \u0161aliai padaroma \u017eala ar nuostoliai. Elementariausia [&hellip;]<\/p>\n","protected":false},"author":3,"featured_media":0,"parent":0,"menu_order":0,"comment_status":"closed","ping_status":"closed","template":"","meta":{"_editorskit_title_hidden":false,"_editorskit_reading_time":0,"_editorskit_is_block_options_detached":false,"_editorskit_block_options_position":"{}","footnotes":""},"class_list":["post-25344","page","type-page","status-publish","hentry"],"_links":{"self":[{"href":"https:\/\/iterlex.lt\/pl\/wp-json\/wp\/v2\/pages\/25344","targetHints":{"allow":["GET"]}}],"collection":[{"href":"https:\/\/iterlex.lt\/pl\/wp-json\/wp\/v2\/pages"}],"about":[{"href":"https:\/\/iterlex.lt\/pl\/wp-json\/wp\/v2\/types\/page"}],"author":[{"embeddable":true,"href":"https:\/\/iterlex.lt\/pl\/wp-json\/wp\/v2\/users\/3"}],"replies":[{"embeddable":true,"href":"https:\/\/iterlex.lt\/pl\/wp-json\/wp\/v2\/comments?post=25344"}],"version-history":[{"count":28,"href":"https:\/\/iterlex.lt\/pl\/wp-json\/wp\/v2\/pages\/25344\/revisions"}],"predecessor-version":[{"id":26548,"href":"https:\/\/iterlex.lt\/pl\/wp-json\/wp\/v2\/pages\/25344\/revisions\/26548"}],"wp:attachment":[{"href":"https:\/\/iterlex.lt\/pl\/wp-json\/wp\/v2\/media?parent=25344"}],"curies":[{"name":"wp","href":"https:\/\/api.w.org\/{rel}","templated":true}]}}