{"id":25317,"date":"2023-09-16T21:04:38","date_gmt":"2023-09-16T19:04:38","guid":{"rendered":"https:\/\/iterlex.lt\/?page_id=25317"},"modified":"2026-03-16T16:19:20","modified_gmt":"2026-03-16T14:19:20","slug":"autopretenzijos-ir-gincai","status":"publish","type":"page","link":"https:\/\/iterlex.lt\/pl\/autopretenzijos-ir-gincai\/","title":{"rendered":"Pretenzijos d\u0117l automobili\u0173 ir gin\u010dai"},"content":{"rendered":"<div data-elementor-type=\"wp-page\" data-elementor-id=\"25317\" class=\"elementor elementor-25317\" data-elementor-post-type=\"page\">\n\t\t\t\t<div class=\"elementor-element elementor-element-a4adafd e-flex e-con-boxed e-con e-parent\" data-id=\"a4adafd\" data-element_type=\"container\" data-e-type=\"container\">\n\t\t\t\t\t<div class=\"e-con-inner\">\n\t\t\t\t<div class=\"elementor-element elementor-element-30982f0 elementor-widget elementor-widget-html\" data-id=\"30982f0\" data-element_type=\"widget\" data-e-type=\"widget\" data-widget_type=\"html.default\">\n\t\t\t\t<div class=\"elementor-widget-container\">\n\t\t\t\t\t<style>\n.product-quality-section {\n\n    font-family: 'Segoe UI', Tahoma, Geneva, Verdana, sans-serif;\n    color: #333;\n    line-height: 1.8;\n}\n\n.pq-content-wrapper {\n    display: grid;\n    grid-template-columns: 1fr 1fr;\n    gap: 50px;\n    margin-bottom: 50px;\n    align-items: start;\n}\n\n.pq-image-block {\n    position: sticky;\n    top: 20px;\n}\n\n.pq-image-block img {\n    width: 100%;\n    height: auto;\n    border-radius: 15px;\n    box-shadow: 0 10px 40px rgba(0,0,0,0.15);\n    transition: transform 0.3s ease;\n}\n\n.pq-image-block img:hover {\n    transform: scale(1.02);\n}\n\n.pq-image-cta {\n    background: #1a1a1a;\n    color: white;\n    padding: 30px;\n    border-radius: 15px;\n    text-align: center;\n    margin-top: 25px;\n}\n\n.pq-image-cta h3 {\n    font-size: 1.5em;\n    margin: 0 0 15px 0;\n    font-weight: 600;\n    color: #ffffff;\n}\n\n.pq-image-cta p {\n    font-size: 1em;\n    margin: 0 0 20px 0;\n    color: #d4d4d4;\n}\n\n.pq-cta-button {\n    display: inline-block;\n    background: #d4a574;\n    color: #1a1a1a;\n    padding: 14px 35px;\n    text-decoration: none;\n    border-radius: 8px;\n    font-weight: 600;\n    font-size: 1em;\n    transition: all 0.3s ease;\n    border: 2px solid #d4a574;\n}\n\n.pq-cta-button:hover {\n    background: transparent;\n    color: #d4a574;\n    transform: translateY(-2px);\n    box-shadow: 0 5px 15px rgba(212, 165, 116, 0.3);\n}\n\n.pq-services-box {\n    background: #f8f9fa;\n    padding: 40px;\n    border-radius: 15px;\n    box-shadow: 0 5px 20px rgba(0,0,0,0.08);\n}\n\n.pq-services-box h2 {\n    font-size: 2em;\n    color: #1a1a1a;\n    margin: 0 0 30px 0;\n    font-weight: 700;\n}\n\n.pq-services-list {\n    list-style: none;\n    padding: 0;\n    margin: 0 0 30px 0;\n}\n\n.pq-services-list li {\n    padding: 15px 0 15px 40px;\n    position: relative;\n    border-bottom: 1px solid #e0e0e0;\n    transition: all 0.3s ease;\n}\n\n.pq-services-list li:last-child {\n    border-bottom: none;\n}\n\n.pq-services-list li:before {\n    content: \"\u2713\";\n    position: absolute;\n    left: 0;\n    top: 15px;\n    width: 28px;\n    height: 28px;\n    background: #d4a574;\n    color: #1a1a1a;\n    border-radius: 50%;\n    display: flex;\n    align-items: center;\n    justify-content: center;\n    font-weight: bold;\n    font-size: 16px;\n}\n\n.pq-services-list li:hover {\n    padding-left: 45px;\n    color: #d4a574;\n}\n\n.pq-pricing-box {\n    background: #1a1a1a;\n    color: white;\n    padding: 25px;\n    border-radius: 10px;\n    margin-top: 20px;\n    text-align: center;\n}\n\n.pq-pricing-box strong {\n    display: block;\n    font-size: 1.2em;\n    color: #d4a574;\n}\n\n.pq-info-box {\n    background: #f5f5f5;\n    border-left: 5px solid #1a1a1a;\n    padding: 30px;\n    border-radius: 10px;\n    margin: 40px 0;\n    box-shadow: 0 5px 15px rgba(0,0,0,0.08);\n}\n\n.pq-info-box h3 {\n    color: #1a1a1a;\n    font-size: 1.6em;\n    margin: 0 0 20px 0;\n    font-weight: 700;\n}\n\n.pq-info-box p {\n    margin: 15px 0;\n    color: #333;\n}\n\n.pq-warning-box {\n    background: #fff8f0;\n    border-left: 5px solid #d4a574;\n    padding: 30px;\n    border-radius: 10px;\n    margin: 40px 0;\n    box-shadow: 0 5px 15px rgba(0,0,0,0.08);\n}\n\n.pq-warning-box h3 {\n    color: #1a1a1a;\n    font-size: 1.6em;\n    margin: 0 0 20px 0;\n    font-weight: 700;\n}\n\n.pq-warning-box p {\n    margin: 15px 0;\n    color: #333;\n}\n\n.pq-highlight-box {\n    background: #1a1a1a;\n    color: white;\n    padding: 30px;\n    border-radius: 10px;\n    margin: 40px 0;\n    box-shadow: 0 5px 15px rgba(0,0,0,0.15);\n}\n\n.pq-highlight-box h3 {\n    color: #d4a574;\n    font-size: 1.6em;\n    margin: 0 0 20px 0;\n    font-weight: 700;\n}\n\n.pq-highlight-box p {\n    margin: 15px 0;\n    color: #d4d4d4;\n}\n\n.pq-seller-warning {\n    background: #f8f9fa;\n    border-left: 5px solid #d4a574;\n    padding: 30px;\n    border-radius: 10px;\n    margin: 40px 0;\n    box-shadow: 0 5px 15px rgba(0,0,0,0.08);\n}\n\n.pq-seller-warning h3 {\n    color: #1a1a1a;\n    font-size: 1.6em;\n    margin: 0 0 20px 0;\n    font-weight: 700;\n}\n\n.pq-seller-warning p {\n    margin: 15px 0;\n    color: #333;\n}\n\n.pq-conclusion-box {\n    background: #fff8f0;\n    border-left: 5px solid #1a1a1a;\n    padding: 30px;\n    border-radius: 10px;\n    margin: 40px 0;\n    box-shadow: 0 5px 15px rgba(0,0,0,0.08);\n}\n\n.pq-conclusion-box h3 {\n    color: #1a1a1a;\n    font-size: 1.6em;\n    margin: 0 0 20px 0;\n    font-weight: 700;\n}\n\n.pq-conclusion-box p {\n    margin: 15px 0;\n    color: #333;\n}\n\n.pq-final-cta {\n    background: #1a1a1a;\n    color: white;\n    padding: 50px;\n    border-radius: 15px;\n    text-align: center;\n    margin-top: 50px;\n    box-shadow: 0 10px 30px rgba(0,0,0,0.2);\n}\n\n.pq-final-cta h3 {\n    font-size: 2em;\n    margin: 0 0 20px 0;\n    font-weight: 700;\n    color: #d4a574;\n}\n\n.pq-final-cta p {\n    font-size: 1.2em;\n    margin: 0 0 25px 0;\n    line-height: 1.6;\n}\n\n@media (max-width: 968px) {\n    .pq-content-wrapper {\n        grid-template-columns: 1fr;\n        gap: 40px;\n    }\n    \n    .pq-image-block {\n        position: relative;\n        top: 0;\n    }\n    \n    .pq-services-box {\n        padding: 30px 20px;\n    }\n    \n    .pq-info-box,\n    .pq-warning-box,\n    .pq-highlight-box,\n    .pq-seller-warning,\n    .pq-conclusion-box,\n    .pq-final-cta {\n        padding: 25px 20px;\n    }\n}\n\n@media (max-width: 600px) {\n    .product-quality-section {\n        padding: 40px 15px;\n    }\n    \n    .pq-services-box h2,\n    .pq-info-box h3,\n    .pq-warning-box h3,\n    .pq-highlight-box h3,\n    .pq-seller-warning h3,\n    .pq-conclusion-box h3,\n    .pq-final-cta h3 {\n        font-size: 1.4em;\n    }\n    \n    .pq-image-cta {\n        padding: 20px;\n    }\n    \n    .pq-image-cta h3 {\n        font-size: 1.2em;\n    }\n}\n<\/style>\n\n<div class=\"product-quality-section\">\n    <div class=\"pq-content-wrapper\">\n        <div class=\"pq-image-block\">\n            <img decoding=\"async\" src=\"https:\/\/iterlex.lt\/wp-content\/uploads\/2023\/09\/justice-hammer-judge-471885.jpg\" alt=\"Netinkamos kokyb\u0117s daikto \u012fsigijimas - teisin\u0117s paslaugos\">\n            \n            <div class=\"pq-image-cta\">\n                <h3>Potrzebujesz porady?<\/h3>\n                <p>Skontaktuj si\u0119 z nami i uzyskaj profesjonaln\u0105 pomoc prawn\u0105<\/p>\n                <a href=\"https:\/\/iterlex.lt\/pl\/kontaktai\/\" class=\"pq-cta-button\">Kontakt<\/a>\n            <\/div>\n        <\/div>\n\n        <div class=\"pq-services-box\">\n            <h2>\u015awiadczone us\u0142ugi prawne<\/h2>\n            \n            <ul class=\"pq-services-list\">\n                <li>Przygotowanie reklamacji dotycz\u0105cej sprzeda\u017cy towaru o nieodpowiedniej jako\u015bci lub przygotowanie odpowiedzi<\/li>\n                <li>Porady prawne dotycz\u0105ce nabycia rzeczy o wadliwej jako\u015bci oraz przys\u0142uguj\u0105cych praw i obowi\u0105zk\u00f3w<\/li>\n                <li>Reprezentowanie w sporach z kupuj\u0105cym i\/lub sprzedaj\u0105cym<\/li>\n            <\/ul>\n\n            <div class=\"pq-pricing-box\">\n                <strong>Pretenzijos ir atsakymai parengiamos \u012fprastai nuo 350 EUR<\/strong>\n            <\/div>\n        <\/div>\n    <\/div>\n\n    <div class=\"pq-info-box\">\n        <h3>Aktualny problem: zakup samochodu o nieodpowiedniej jako\u015bci<\/h3>\n        <p>Obecnie szczeg\u00f3lnie aktualna jest kwestia nabycia rzeczy o nieodpowiedniej jako\u015bci, najcz\u0119\u015bciej samochodu, oraz wynikaj\u0105cych z tego praw i obowi\u0105zk\u00f3w.<\/p>\n        <p>Kupuj\u0105cy, ufaj\u0105c nie zawsze uczciwym sprzedawcom i daj\u0105c si\u0119 przekona\u0107, nabywaj\u0105 samoch\u00f3d, kt\u00f3ry na pierwszy rzut oka wygl\u0105da na sprawny, ale z czasem zaczyna si\u0119 psu\u0107 lub ju\u017c w momencie sprzeda\u017cy by\u0142 uszkodzony, jednak uszkodzenia zosta\u0142y zamaskowane tak, aby kupuj\u0105cy ich nie zauwa\u017cy\u0142.<\/p>\n        <p>Zdarzaj\u0105 si\u0119 przypadki, gdy koszty naprawy stanowi\u0105 niemal ca\u0142\u0105 cen\u0119 samochodu.<\/p>\n    <\/div>\n\n    <div class=\"pq-warning-box\">\n        <h3>Wa\u017cne informacje dla kupuj\u0105cych<\/h3>\n        <p>W przypadku zauwa\u017cenia wad w kupionym samochodzie nale\u017cy natychmiast zaprzesta\u0107 jego u\u017cytkowania i skontaktowa\u0107 si\u0119 ze sprzedawc\u0105 na pi\u015bmie.<\/p>\n        <p><strong>Cz\u0119sty b\u0142\u0105d:<\/strong> kupuj\u0105cy naprawiaj\u0105 samoch\u00f3d, a dopiero p\u00f3\u017aniej decyduj\u0105 si\u0119 na zg\u0142oszenie reklamacji.<\/p>\n        <p>Zgodnie z przepisami Kodeksu cywilnego Republiki Litewskiej nabywca, kt\u00f3ry naby\u0142 rzecz o nieodpowiedniej jako\u015bci, musi przede wszystkim zg\u0142osi\u0107 reklamacj\u0119 sprzedawcy, kt\u00f3ry z kolei mo\u017ce samodzielnie naprawi\u0107 rzecz\/samoch\u00f3d, obni\u017cy\u0107 jego cen\u0119, a w przypadku istotnych wad ma podstaw\u0119 do \u017c\u0105dania rozwi\u0105zania umowy kupna-sprzeda\u017cy i zwrotu rzeczy sprzedawcy.<\/p>\n    <\/div>\n\n    <div class=\"pq-highlight-box\">\n        <h3>Dlaczego nie mo\u017cna samodzielnie dokonywa\u0107 napraw?<\/h3>\n        <p>Kupuj\u0105cy, podejmuj\u0105c decyzj\u0119 o samodzielnej naprawie samochodu, w wielu przypadkach tylko pogarsza swoj\u0105 sytuacj\u0119 procesow\u0105.<\/p>\n        <p>Po naprawie samochodu zazwyczaj nie jest mo\u017cliwe przeprowadzenie ekspertyzy, ocena usterek i przyczyn ich powstania, co utrudnia kupuj\u0105cemu udowodnienie swoich racji.<\/p>\n        <p><strong>Dlatego w ka\u017cdym przypadku od samego pocz\u0105tku konieczna jest wykwalifikowana pomoc prawna.<\/strong> Tai leis tinkamai apginti pa\u017eeistas teises.<\/p>\n    <\/div>\n\n    <div class=\"pq-seller-warning\">\n        <h3>Ostrze\u017cenie dla sprzedawc\u00f3w<\/h3>\n        <p>Warto wspomnie\u0107, \u017ce w praktyce cz\u0119sto spotyka si\u0119 przypadki nieuczciwych kupuj\u0105cych, kt\u00f3rzy kupuj\u0105 u\u017cywane rzeczy, a potem zg\u0142aszaj\u0105 nieuzasadnione roszczenia do sprzedawc\u00f3w, \u017ceby odzyska\u0107 swoje koszty.<\/p>\n        <p><strong>Wa\u017cne:<\/strong> W takich przypadkach podmiot sprzedaj\u0105cy samoch\u00f3d od samego pocz\u0105tku zwr\u00f3ci\u0142by si\u0119 do profesjonalnego prawnika, poniewa\u017c tylko w ten spos\u00f3b mo\u017cna odpowiednio zabezpieczy\u0107 si\u0119 przed nieuzasadnionymi roszczeniami.<\/p>\n    <\/div>\n\n    <div class=\"pq-conclusion-box\">\n        <h3>Indywidualne podej\u015bcie do ka\u017cdego przypadku<\/h3>\n        <p>Ka\u017cda transakcja kupna lub sprzeda\u017cy u\u017cywanego lub nowego przedmiotu jest indywidualna, w zale\u017cno\u015bci od okoliczno\u015bci.<\/p>\n        <p>Tylko podczas osobistej konsultacji prawnej, po zapoznaniu si\u0119 z faktycznymi okoliczno\u015bciami zawarcia transakcji i powsta\u0142ymi wadami, mo\u017cliwe jest udzielenie porady dostosowanej do konkretnego przypadku oraz oszacowanie koszt\u00f3w post\u0119powania s\u0105dowego i mo\u017cliwego wyniku.<\/p>\n    <\/div>\n\n    <div class=\"pq-final-cta\">\n        <h3>Bezp\u0142atna konsultacja wst\u0119pna<\/h3>\n        <p>Skontaktuj si\u0119 z nami i uzyskaj profesjonaln\u0105 porad\u0119 prawn\u0105 dotycz\u0105c\u0105 zakupu towaru o nieodpowiedniej jako\u015bci.<\/p>\n        <a href=\"https:\/\/iterlex.lt\/pl\/kontaktai\/\" class=\"pq-cta-button\">Kontakt<\/a>\n    <\/div>\n<\/div>\t\t\t\t<\/div>\n\t\t\t\t<\/div>\n\t\t\t\t\t<\/div>\n\t\t\t\t<\/div>\n\t\t\t\t<\/div>","protected":false},"excerpt":{"rendered":"<p>Reikalinga konsultacija? Susisiekite su mumis ir gaukite profesionali\u0105 teisin\u0119 pagalb\u0105 Susisiekti Teikiamos Teisin\u0117s Paslaugos Pretenzij\u0173 d\u0117l netinkamos kokyb\u0117s \u012fsigyto daikto pardavimo parengimas arba atsakymo parengimas Teisin\u0117s konsultacijos d\u0117l netinkamos kokyb\u0117s daikto \u012fsigijimo ir tenkan\u010di\u0173 teisi\u0173 bei pareig\u0173 Atstovavimas gin\u010duose su pirk\u0117ju ir\/ar pardav\u0117ju Pretenzijos ir atsakymai parengiamos \u012fprastai nuo 350 EUR Aktuali Problema: Netinkamos Kokyb\u0117s [&hellip;]<\/p>\n","protected":false},"author":3,"featured_media":0,"parent":0,"menu_order":0,"comment_status":"closed","ping_status":"closed","template":"","meta":{"_editorskit_title_hidden":false,"_editorskit_reading_time":0,"_editorskit_is_block_options_detached":false,"_editorskit_block_options_position":"{}","footnotes":""},"class_list":["post-25317","page","type-page","status-publish","hentry"],"_links":{"self":[{"href":"https:\/\/iterlex.lt\/pl\/wp-json\/wp\/v2\/pages\/25317","targetHints":{"allow":["GET"]}}],"collection":[{"href":"https:\/\/iterlex.lt\/pl\/wp-json\/wp\/v2\/pages"}],"about":[{"href":"https:\/\/iterlex.lt\/pl\/wp-json\/wp\/v2\/types\/page"}],"author":[{"embeddable":true,"href":"https:\/\/iterlex.lt\/pl\/wp-json\/wp\/v2\/users\/3"}],"replies":[{"embeddable":true,"href":"https:\/\/iterlex.lt\/pl\/wp-json\/wp\/v2\/comments?post=25317"}],"version-history":[{"count":62,"href":"https:\/\/iterlex.lt\/pl\/wp-json\/wp\/v2\/pages\/25317\/revisions"}],"predecessor-version":[{"id":26626,"href":"https:\/\/iterlex.lt\/pl\/wp-json\/wp\/v2\/pages\/25317\/revisions\/26626"}],"wp:attachment":[{"href":"https:\/\/iterlex.lt\/pl\/wp-json\/wp\/v2\/media?parent=25317"}],"curies":[{"name":"wp","href":"https:\/\/api.w.org\/{rel}","templated":true}]}}