{"id":25082,"date":"2023-09-15T20:19:26","date_gmt":"2023-09-15T18:19:26","guid":{"rendered":"https:\/\/iterlex.lt\/?page_id=25082"},"modified":"2026-02-06T13:46:00","modified_gmt":"2026-02-06T11:46:00","slug":"apie-mus","status":"publish","type":"page","link":"https:\/\/iterlex.lt\/pl\/apie-mus\/","title":{"rendered":"O nas"},"content":{"rendered":"<div data-elementor-type=\"wp-page\" data-elementor-id=\"25082\" class=\"elementor elementor-25082\" data-elementor-post-type=\"page\">\n\t\t\t\t\t\t<section class=\"elementor-section elementor-top-section elementor-element elementor-element-72eab15a elementor-section-content-middle elementor-section-boxed elementor-section-height-default elementor-section-height-default\" data-id=\"72eab15a\" data-element_type=\"section\" data-e-type=\"section\" data-settings=\"{&quot;background_background&quot;:&quot;gradient&quot;,&quot;shape_divider_bottom&quot;:&quot;tilt&quot;}\">\n\t\t\t\t\t\t\t<div class=\"elementor-background-overlay\"><\/div>\n\t\t\t\t\t\t<div class=\"elementor-shape elementor-shape-bottom\" aria-hidden=\"true\" data-negative=\"false\">\n\t\t\t<svg xmlns=\"http:\/\/www.w3.org\/2000\/svg\" viewbox=\"0 0 1000 100\" preserveaspectratio=\"none\">\n\t<path class=\"elementor-shape-fill\" d=\"M0,6V0h1000v100L0,6z\"\/>\n<\/svg>\t\t<\/div>\n\t\t\t\t\t<div class=\"elementor-container elementor-column-gap-default\">\n\t\t\t\t\t<div class=\"elementor-column elementor-col-100 elementor-top-column elementor-element elementor-element-7099d0ca\" data-id=\"7099d0ca\" data-element_type=\"column\" data-e-type=\"column\">\n\t\t\t<div class=\"elementor-widget-wrap elementor-element-populated\">\n\t\t\t\t\t\t<div class=\"elementor-element elementor-element-354dbfab elementor-icon-list--layout-inline elementor-align-start elementor-list-item-link-full_width elementor-widget elementor-widget-icon-list\" data-id=\"354dbfab\" data-element_type=\"widget\" data-e-type=\"widget\" data-widget_type=\"icon-list.default\">\n\t\t\t\t<div class=\"elementor-widget-container\">\n\t\t\t\t\t\t\t<ul class=\"elementor-icon-list-items elementor-inline-items\">\n\t\t\t\t\t\t\t<li class=\"elementor-icon-list-item elementor-inline-item\">\n\t\t\t\t\t\t\t\t\t\t\t<span class=\"elementor-icon-list-icon\">\n\t\t\t\t\t\t\t<i aria-hidden=\"true\" class=\"fas fa-home\"><\/i>\t\t\t\t\t\t<\/span>\n\t\t\t\t\t\t\t\t\t\t<span class=\"elementor-icon-list-text\">G\u0142\u00f3wny<\/span>\n\t\t\t\t\t\t\t\t\t<\/li>\n\t\t\t\t\t\t\t\t<li class=\"elementor-icon-list-item elementor-inline-item\">\n\t\t\t\t\t\t\t\t\t\t<span class=\"elementor-icon-list-text\">O nas<\/span>\n\t\t\t\t\t\t\t\t\t<\/li>\n\t\t\t\t\t\t<\/ul>\n\t\t\t\t\t\t<\/div>\n\t\t\t\t<\/div>\n\t\t\t\t<div class=\"elementor-element elementor-element-228ff24b elementor-widget elementor-widget-heading\" data-id=\"228ff24b\" data-element_type=\"widget\" data-e-type=\"widget\" data-widget_type=\"heading.default\">\n\t\t\t\t<div class=\"elementor-widget-container\">\n\t\t\t\t\t<h1 class=\"elementor-heading-title elementor-size-default\">O nas<\/h1>\t\t\t\t<\/div>\n\t\t\t\t<\/div>\n\t\t\t\t\t<\/div>\n\t\t<\/div>\n\t\t\t\t\t<\/div>\n\t\t<\/section>\n\t\t<div class=\"elementor-element elementor-element-b202bdc e-flex e-con-boxed e-con e-parent\" data-id=\"b202bdc\" data-element_type=\"container\" data-e-type=\"container\">\n\t\t\t\t\t<div class=\"e-con-inner\">\n\t\t<div class=\"elementor-element elementor-element-00084b0 e-con-full e-flex e-con e-child\" data-id=\"00084b0\" data-element_type=\"container\" data-e-type=\"container\">\n\t\t\t\t<div class=\"elementor-element elementor-element-b0df5aa elementor-widget-divider--view-line_text elementor-widget-divider--element-align-left elementor-widget elementor-widget-divider\" data-id=\"b0df5aa\" data-element_type=\"widget\" data-e-type=\"widget\" data-widget_type=\"divider.default\">\n\t\t\t\t<div class=\"elementor-widget-container\">\n\t\t\t\t\t\t\t<div class=\"elementor-divider\">\n\t\t\t<span class=\"elementor-divider-separator\">\n\t\t\t\t\t\t\t<span class=\"elementor-divider__text elementor-divider__element\">\n\t\t\t\tADWOKAT, PARTNER KIERUJ\u0104CY\t\t\t\t<\/span>\n\t\t\t\t\t\t<\/span>\n\t\t<\/div>\n\t\t\t\t\t\t<\/div>\n\t\t\t\t<\/div>\n\t\t\t\t<div class=\"elementor-element elementor-element-ffb94f1 elementor-widget elementor-widget-heading\" data-id=\"ffb94f1\" data-element_type=\"widget\" data-e-type=\"widget\" data-widget_type=\"heading.default\">\n\t\t\t\t<div class=\"elementor-widget-container\">\n\t\t\t\t\t<h2 class=\"elementor-heading-title elementor-size-default\">Syveryn Bacevi\u010d<\/h2>\t\t\t\t<\/div>\n\t\t\t\t<\/div>\n\t\t\t\t<div class=\"elementor-element elementor-element-17fbf16 elementor-widget elementor-widget-image\" data-id=\"17fbf16\" data-element_type=\"widget\" data-e-type=\"widget\" data-widget_type=\"image.default\">\n\t\t\t\t<div class=\"elementor-widget-container\">\n\t\t\t\t\t\t\t\t\t\t\t\t\t\t\t<img fetchpriority=\"high\" decoding=\"async\" width=\"800\" height=\"552\" src=\"https:\/\/iterlex.lt\/wp-content\/uploads\/2025\/11\/advokatu-kontora-2-1024x707.jpg\" class=\"attachment-large size-large wp-image-26249\" alt=\"\" srcset=\"https:\/\/iterlex.lt\/wp-content\/uploads\/2025\/11\/advokatu-kontora-2-1024x707.jpg 1024w, https:\/\/iterlex.lt\/wp-content\/uploads\/2025\/11\/advokatu-kontora-2-300x207.jpg 300w, https:\/\/iterlex.lt\/wp-content\/uploads\/2025\/11\/advokatu-kontora-2-768x530.jpg 768w, https:\/\/iterlex.lt\/wp-content\/uploads\/2025\/11\/advokatu-kontora-2-18x12.jpg 18w, https:\/\/iterlex.lt\/wp-content\/uploads\/2025\/11\/advokatu-kontora-2.jpg 1500w\" sizes=\"(max-width: 800px) 100vw, 800px\" \/>\t\t\t\t\t\t\t\t\t\t\t\t\t\t\t<\/div>\n\t\t\t\t<\/div>\n\t\t\t\t<div class=\"elementor-element elementor-element-455e169 elementor-align-start elementor-icon-list--layout-traditional elementor-list-item-link-full_width elementor-widget elementor-widget-icon-list\" data-id=\"455e169\" data-element_type=\"widget\" data-e-type=\"widget\" data-widget_type=\"icon-list.default\">\n\t\t\t\t<div class=\"elementor-widget-container\">\n\t\t\t\t\t\t\t<ul class=\"elementor-icon-list-items\">\n\t\t\t\t\t\t\t<li class=\"elementor-icon-list-item\">\n\t\t\t\t\t\t\t\t\t\t\t<a href=\"Tel:+37064026902\">\n\n\t\t\t\t\t\t\t\t\t\t\t\t<span class=\"elementor-icon-list-icon\">\n\t\t\t\t\t\t\t<i aria-hidden=\"true\" class=\"fas fa-phone-alt\"><\/i>\t\t\t\t\t\t<\/span>\n\t\t\t\t\t\t\t\t\t\t<span class=\"elementor-icon-list-text\">+370 640 26 902<\/span>\n\t\t\t\t\t\t\t\t\t\t\t<\/a>\n\t\t\t\t\t\t\t\t\t<\/li>\n\t\t\t\t\t\t\t\t<li class=\"elementor-icon-list-item\">\n\t\t\t\t\t\t\t\t\t\t\t<a href=\"mailto:s.bacevic@iterlex.lt\">\n\n\t\t\t\t\t\t\t\t\t\t\t\t<span class=\"elementor-icon-list-icon\">\n\t\t\t\t\t\t\t<i aria-hidden=\"true\" class=\"fas fa-envelope-open\"><\/i>\t\t\t\t\t\t<\/span>\n\t\t\t\t\t\t\t\t\t\t<span class=\"elementor-icon-list-text\">s.bacevic@iterlex.lt<\/span>\n\t\t\t\t\t\t\t\t\t\t\t<\/a>\n\t\t\t\t\t\t\t\t\t<\/li>\n\t\t\t\t\t\t\t\t<li class=\"elementor-icon-list-item\">\n\t\t\t\t\t\t\t\t\t\t\t<a href=\"https:\/\/www.instagram.com\/adv.bacevich\">\n\n\t\t\t\t\t\t\t\t\t\t\t\t<span class=\"elementor-icon-list-icon\">\n\t\t\t\t\t\t\t<i aria-hidden=\"true\" class=\"fab fa-instagram\"><\/i>\t\t\t\t\t\t<\/span>\n\t\t\t\t\t\t\t\t\t\t<span class=\"elementor-icon-list-text\">adv.bacevich<\/span>\n\t\t\t\t\t\t\t\t\t\t\t<\/a>\n\t\t\t\t\t\t\t\t\t<\/li>\n\t\t\t\t\t\t\t\t<li class=\"elementor-icon-list-item\">\n\t\t\t\t\t\t\t\t\t\t\t<a href=\"https:\/\/www.facebook.com\/profile.php?id=100083467833712\">\n\n\t\t\t\t\t\t\t\t\t\t\t\t<span class=\"elementor-icon-list-icon\">\n\t\t\t\t\t\t\t<i aria-hidden=\"true\" class=\"fab fa-facebook-square\"><\/i>\t\t\t\t\t\t<\/span>\n\t\t\t\t\t\t\t\t\t\t<span class=\"elementor-icon-list-text\">Syveryn Bacevi\u010d<\/span>\n\t\t\t\t\t\t\t\t\t\t\t<\/a>\n\t\t\t\t\t\t\t\t\t<\/li>\n\t\t\t\t\t\t\t\t<li class=\"elementor-icon-list-item\">\n\t\t\t\t\t\t\t\t\t\t\t<a href=\"https:\/\/www.linkedin.com\/in\/severin-bacevi%C4%8D-5205aba8\/\">\n\n\t\t\t\t\t\t\t\t\t\t\t\t<span class=\"elementor-icon-list-icon\">\n\t\t\t\t\t\t\t<i aria-hidden=\"true\" class=\"fab fa-linkedin\"><\/i>\t\t\t\t\t\t<\/span>\n\t\t\t\t\t\t\t\t\t\t<span class=\"elementor-icon-list-text\">Syveryn Bacevi\u010d<\/span>\n\t\t\t\t\t\t\t\t\t\t\t<\/a>\n\t\t\t\t\t\t\t\t\t<\/li>\n\t\t\t\t\t\t<\/ul>\n\t\t\t\t\t\t<\/div>\n\t\t\t\t<\/div>\n\t\t\t\t<div class=\"elementor-element elementor-element-89dbc42 elementor-widget elementor-widget-text-editor\" data-id=\"89dbc42\" data-element_type=\"widget\" data-e-type=\"widget\" data-widget_type=\"text-editor.default\">\n\t\t\t\t<div class=\"elementor-widget-container\">\n\t\t\t\t\t\t\t\t\t<h3>Do\u015bwiadczenie w pracy prawniczej<\/h3>\n<ul>\n<li>Od 2016 do 2017 roku - Uniwersytet Wile\u0144ski <strong>Klinika prawa<\/strong>, konsultant prawny.<\/li>\n<li>Od 2017 do 2019 roku - Profesjonalne partnerstwo prawnik\u00f3w \"<strong>VIALEX Baltic<\/strong>\", asystent prawny;<\/li>\n<li>2019 - Profesjonalne stowarzyszenie prawnik\u00f3w \"<strong>VIALEX Baltic<\/strong>\", prawnik;<\/li>\n<li>Od 2019 do 2021 roku - partnerstwo zawodowe prawnik\u00f3w \"<strong>VIALEX Baltic<\/strong>\", asystent prawnika;<\/li>\n<li>2022 - Stowarzyszenie prawnik\u00f3w \"<strong>VIALEX Baltic<\/strong>\", prawnik;<\/li>\n<li>Od 2022 do 2023 roku - partnerstwo zawodowe prawnik\u00f3w \"<strong>EY LAW<\/strong>\", prawnik;<\/li>\n<li>Od 2023 do 2025 roku \u2013 kancelaria adwokacka S. Bacevi\u010d<strong>ITER LEX<\/strong>\", prawnik, mened\u017cer;<\/li>\n<li>Od 2025 roku do chwili obecnej \u2013 sp\u00f3\u0142ka adwokacka<strong>ITER LEX<\/strong>adwokat, partner zarz\u0105dzaj\u0105cy;<\/li><li><b><u>Uniwersytet Wile\u0144ski, Wydzia\u0142 Prawa, tytu\u0142 magistra.<\/u><\/b>.<\/li>\n<\/ul>\t\t\t\t\t\t\t\t<\/div>\n\t\t\t\t<\/div>\n\t\t\t\t<\/div>\n\t\t<div class=\"elementor-element elementor-element-661c532 e-con-full e-flex e-con e-child\" data-id=\"661c532\" data-element_type=\"container\" data-e-type=\"container\">\n\t\t\t\t<div class=\"elementor-element elementor-element-7b9ab11 elementor-widget-divider--view-line_text elementor-widget-divider--element-align-left elementor-widget elementor-widget-divider\" data-id=\"7b9ab11\" data-element_type=\"widget\" data-e-type=\"widget\" data-widget_type=\"divider.default\">\n\t\t\t\t<div class=\"elementor-widget-container\">\n\t\t\t\t\t\t\t<div class=\"elementor-divider\">\n\t\t\t<span class=\"elementor-divider-separator\">\n\t\t\t\t\t\t\t<span class=\"elementor-divider__text elementor-divider__element\">\n\t\t\t\tADWOKAT, PARTNER\t\t\t\t<\/span>\n\t\t\t\t\t\t<\/span>\n\t\t<\/div>\n\t\t\t\t\t\t<\/div>\n\t\t\t\t<\/div>\n\t\t\t\t<div class=\"elementor-element elementor-element-516d6e9 elementor-widget elementor-widget-heading\" data-id=\"516d6e9\" data-element_type=\"widget\" data-e-type=\"widget\" data-widget_type=\"heading.default\">\n\t\t\t\t<div class=\"elementor-widget-container\">\n\t\t\t\t\t<h2 class=\"elementor-heading-title elementor-size-default\">dr. Mindaugas Zalep\u016bga<\/h2>\t\t\t\t<\/div>\n\t\t\t\t<\/div>\n\t\t\t\t<div class=\"elementor-element elementor-element-81aceea elementor-widget elementor-widget-image\" data-id=\"81aceea\" data-element_type=\"widget\" data-e-type=\"widget\" data-widget_type=\"image.default\">\n\t\t\t\t<div class=\"elementor-widget-container\">\n\t\t\t\t\t\t\t\t\t\t\t\t\t\t\t<img decoding=\"async\" src=\"https:\/\/iterlex.lt\/wp-content\/plugins\/elementor\/assets\/images\/placeholder.png\" title=\"\" alt=\"\" loading=\"lazy\" \/>\t\t\t\t\t\t\t\t\t\t\t\t\t\t\t<\/div>\n\t\t\t\t<\/div>\n\t\t\t\t<div class=\"elementor-element elementor-element-0a3e784 elementor-icon-list--layout-traditional elementor-list-item-link-full_width elementor-widget elementor-widget-icon-list\" data-id=\"0a3e784\" data-element_type=\"widget\" data-e-type=\"widget\" data-widget_type=\"icon-list.default\">\n\t\t\t\t<div class=\"elementor-widget-container\">\n\t\t\t\t\t\t\t<ul class=\"elementor-icon-list-items\">\n\t\t\t\t\t\t\t<li class=\"elementor-icon-list-item\">\n\t\t\t\t\t\t\t\t\t\t\t<a href=\"http:\/\/tel+37067689312\">\n\n\t\t\t\t\t\t\t\t\t\t\t\t<span class=\"elementor-icon-list-icon\">\n\t\t\t\t\t\t\t<i aria-hidden=\"true\" class=\"fas fa-phone-alt\"><\/i>\t\t\t\t\t\t<\/span>\n\t\t\t\t\t\t\t\t\t\t<span class=\"elementor-icon-list-text\">+370 676 89 312<\/span>\n\t\t\t\t\t\t\t\t\t\t\t<\/a>\n\t\t\t\t\t\t\t\t\t<\/li>\n\t\t\t\t\t\t\t\t<li class=\"elementor-icon-list-item\">\n\t\t\t\t\t\t\t\t\t\t\t<a href=\"mailto:m.zalepuga@iterlex.lt\">\n\n\t\t\t\t\t\t\t\t\t\t\t\t<span class=\"elementor-icon-list-icon\">\n\t\t\t\t\t\t\t<i aria-hidden=\"true\" class=\"fas fa-envelope-open\"><\/i>\t\t\t\t\t\t<\/span>\n\t\t\t\t\t\t\t\t\t\t<span class=\"elementor-icon-list-text\">m.zalepuga@iterlex.lt<\/span>\n\t\t\t\t\t\t\t\t\t\t\t<\/a>\n\t\t\t\t\t\t\t\t\t<\/li>\n\t\t\t\t\t\t<\/ul>\n\t\t\t\t\t\t<\/div>\n\t\t\t\t<\/div>\n\t\t\t\t<div class=\"elementor-element elementor-element-2213ba8 elementor-widget elementor-widget-text-editor\" data-id=\"2213ba8\" data-element_type=\"widget\" data-e-type=\"widget\" data-widget_type=\"text-editor.default\">\n\t\t\t\t<div class=\"elementor-widget-container\">\n\t\t\t\t\t\t\t\t\t<h3>Do\u015bwiadczenie w pracy prawniczej<\/h3><ul><li><p>2016 r. \u2013 nadano tytu\u0142 doktora nauk spo\u0142ecznych w dziedzinie prawa. Obrona pracy doktorskiej na temat \u201eTeoretyczne i praktyczne aspekty regulacji prawnych dotycz\u0105cych r\u00f3wnoleg\u0142ego importu produkt\u00f3w medycznych\u201d, Uniwersytet Mykolo Romerio.<\/p><\/li><li><p>Od 2016 do 2017 roku \u2013 Starszy Prawnik, Kancelaria Prawna \u201e<b>Vialex Baltic<\/b>\u201d,<\/p><\/li><li><p>Od 2017 do 2025 roku, Radca Prawny w Kancelarii Prawnej \u201e<b>Vialex Baltic<\/b>\u201d.<\/p><\/li><li><p>Od 2025 roku do chwili obecnej \u2013 Radca Prawny, Partner w Kancelarii Prawnej \u201e<b>ITER LEX<\/b>\u201d.<\/p><\/li><\/ul>\t\t\t\t\t\t\t\t<\/div>\n\t\t\t\t<\/div>\n\t\t\t\t<\/div>\n\t\t\t\t\t<\/div>\n\t\t\t\t<\/div>\n\t\t<div class=\"elementor-element elementor-element-728ef1c e-flex e-con-boxed e-con e-parent\" data-id=\"728ef1c\" data-element_type=\"container\" data-e-type=\"container\">\n\t\t\t\t\t<div class=\"e-con-inner\">\n\t\t\t\t<div class=\"elementor-element elementor-element-6da4393 elementor-widget elementor-widget-html\" data-id=\"6da4393\" data-element_type=\"widget\" data-e-type=\"widget\" data-widget_type=\"html.default\">\n\t\t\t\t<div class=\"elementor-widget-container\">\n\t\t\t\t\t<style>\n.general-cta-wrapper {\n}\n\n.general-cta-box {\n    background: #1a1a1a;\n    color: white;\n    padding: 50px;\n    border-radius: 15px;\n    text-align: center;\n    box-shadow: 0 10px 30px rgba(0,0,0,0.2);\n}\n\n.general-cta-box h3 {\n    font-size: 2em;\n    margin: 0 0 20px 0;\n    font-weight: 700;\n    color: #d4a574;\n    font-family: 'Segoe UI', Tahoma, Geneva, Verdana, sans-serif;\n}\n\n.general-cta-box p {\n    font-size: 1.2em;\n    margin: 0 0 25px 0;\n    line-height: 1.6;\n    color: white;\n    font-family: 'Segoe UI', Tahoma, Geneva, Verdana, sans-serif;\n}\n\n.general-cta-button {\n    display: inline-block;\n    background: #d4a574;\n    color: #1a1a1a;\n    padding: 14px 35px;\n    text-decoration: none;\n    border-radius: 8px;\n    font-weight: 600;\n    font-size: 1em;\n    transition: all 0.3s ease;\n    border: 2px solid #d4a574;\n    font-family: 'Segoe UI', Tahoma, Geneva, Verdana, sans-serif;\n}\n\n.general-cta-button:hover {\n    background: transparent;\n    color: #d4a574;\n    transform: translateY(-2px);\n    box-shadow: 0 5px 15px rgba(212, 165, 116, 0.3);\n}\n\n@media (max-width: 768px) {\n    .general-cta-box {\n        padding: 30px 20px;\n    }\n    \n    .general-cta-box h3 {\n        font-size: 1.5em;\n    }\n    \n    .general-cta-box p {\n        font-size: 1em;\n    }\n}\n<\/style>\n\n<div class=\"general-cta-wrapper\">\n    <div class=\"general-cta-box\">\n        <h3>Potrzebujesz porady prawnej?<\/h3>\n        <p>Skontaktuj si\u0119 z nami i uzyskaj profesjonaln\u0105 pomoc prawn\u0105. Zapraszamy na wst\u0119pn\u0105 konsultacj\u0119, podczas kt\u00f3rej om\u00f3wimy Twoj\u0105 sytuacj\u0119 i zaproponujemy najlepsze rozwi\u0105zania.<\/p>\n        <a href=\"https:\/\/iterlex.lt\/pl\/kontaktai\/\" class=\"general-cta-button\">Kontakt<\/a>\n    <\/div>\n<\/div>\t\t\t\t<\/div>\n\t\t\t\t<\/div>\n\t\t\t\t\t<\/div>\n\t\t\t\t<\/div>\n\t\t\t\t<\/div>","protected":false},"excerpt":{"rendered":"<p>Pagrindinis ADVOKATAS, VADOVAUJANTIS PARTNERIS Syveryn Bacevi\u010d +370 640 26 902 s.bacevic@iterlex.lt adv.bacevich Syveryn Bacevi\u010d Syveryn Bacevi\u010d Teisinio darbo patirtis Nuo 2016 iki 2017 met\u0173 \u2013 Vilniaus Universiteto Teis\u0117s klinika, konsultantas teis\u0117s klausimais. Nuo 2017 iki 2019 met\u0173 \u2013 Advokat\u0173 profesin\u0117 bendrija \u201eVIALEX Baltic\u201c, teisininko pad\u0117j\u0117jas; 2019 metais \u2013 Advokat\u0173 profesin\u0117 bendrija \u201eVIALEX Baltic\u201c, teisininkas; Nuo [&hellip;]<\/p>\n","protected":false},"author":3,"featured_media":0,"parent":0,"menu_order":0,"comment_status":"closed","ping_status":"closed","template":"","meta":{"_editorskit_title_hidden":false,"_editorskit_reading_time":0,"_editorskit_is_block_options_detached":false,"_editorskit_block_options_position":"{}","footnotes":""},"class_list":["post-25082","page","type-page","status-publish","hentry"],"_links":{"self":[{"href":"https:\/\/iterlex.lt\/pl\/wp-json\/wp\/v2\/pages\/25082","targetHints":{"allow":["GET"]}}],"collection":[{"href":"https:\/\/iterlex.lt\/pl\/wp-json\/wp\/v2\/pages"}],"about":[{"href":"https:\/\/iterlex.lt\/pl\/wp-json\/wp\/v2\/types\/page"}],"author":[{"embeddable":true,"href":"https:\/\/iterlex.lt\/pl\/wp-json\/wp\/v2\/users\/3"}],"replies":[{"embeddable":true,"href":"https:\/\/iterlex.lt\/pl\/wp-json\/wp\/v2\/comments?post=25082"}],"version-history":[{"count":200,"href":"https:\/\/iterlex.lt\/pl\/wp-json\/wp\/v2\/pages\/25082\/revisions"}],"predecessor-version":[{"id":26624,"href":"https:\/\/iterlex.lt\/pl\/wp-json\/wp\/v2\/pages\/25082\/revisions\/26624"}],"wp:attachment":[{"href":"https:\/\/iterlex.lt\/pl\/wp-json\/wp\/v2\/media?parent=25082"}],"curies":[{"name":"wp","href":"https:\/\/api.w.org\/{rel}","templated":true}]}}