{"id":25358,"date":"2023-09-16T21:24:49","date_gmt":"2023-09-16T19:24:49","guid":{"rendered":"https:\/\/iterlex.lt\/?page_id=25358"},"modified":"2026-02-03T22:39:49","modified_gmt":"2026-02-03T20:39:49","slug":"darbo-teise-ir-darbo-gincai","status":"publish","type":"page","link":"https:\/\/iterlex.lt\/en\/darbo-teise-ir-darbo-gincai\/","title":{"rendered":"Labor law and labor disputes"},"content":{"rendered":"<div data-elementor-type=\"wp-page\" data-elementor-id=\"25358\" class=\"elementor elementor-25358\" data-elementor-post-type=\"page\">\n\t\t\t\t<div class=\"elementor-element elementor-element-599d0c2 e-flex e-con-boxed e-con e-parent\" data-id=\"599d0c2\" data-element_type=\"container\" data-e-type=\"container\">\n\t\t\t\t\t<div class=\"e-con-inner\">\n\t\t\t\t<div class=\"elementor-element elementor-element-68def63 elementor-widget elementor-widget-html\" data-id=\"68def63\" data-element_type=\"widget\" data-e-type=\"widget\" data-widget_type=\"html.default\">\n\t\t\t\t<div class=\"elementor-widget-container\">\n\t\t\t\t\t<style>\n.labor-law-section {\n    font-family: 'Segoe UI', Tahoma, Geneva, Verdana, sans-serif;\n    color: #333;\n    line-height: 1.8;\n}\n\n.ll-content-wrapper {\n    display: grid;\n    grid-template-columns: 1fr 1fr;\n    gap: 50px;\n    margin-bottom: 50px;\n    align-items: start;\n}\n\n.ll-image-block {\n    position: sticky;\n    top: 20px;\n}\n\n.ll-image-block img {\n    width: 100%;\n    height: auto;\n    border-radius: 15px;\n    box-shadow: 0 10px 40px rgba(0,0,0,0.15);\n    transition: transform 0.3s ease;\n}\n\n.ll-image-block img:hover {\n    transform: scale(1.02);\n}\n\n.ll-image-cta {\n    background: #1a1a1a;\n    color: white;\n    padding: 30px;\n    border-radius: 15px;\n    text-align: center;\n    margin-top: 25px;\n}\n\n.ll-image-cta h3 {\n    font-size: 1.5em;\n    margin: 0 0 15px 0;\n    font-weight: 600;\n    color: #ffffff;\n}\n\n.ll-image-cta p {\n    font-size: 1em;\n    margin: 0 0 20px 0;\n    color: #d4d4d4;\n}\n\n.ll-cta-button {\n    display: inline-block;\n    background: #d4a574;\n    color: #1a1a1a;\n    padding: 14px 35px;\n    text-decoration: none;\n    border-radius: 8px;\n    font-weight: 600;\n    font-size: 1em;\n    transition: all 0.3s ease;\n    border: 2px solid #d4a574;\n}\n\n.ll-cta-button:hover {\n    background: transparent;\n    color: #d4a574;\n    transform: translateY(-2px);\n    box-shadow: 0 5px 15px rgba(212, 165, 116, 0.3);\n}\n\n.ll-services-box {\n    background: #f8f9fa;\n    padding: 40px;\n    border-radius: 15px;\n    box-shadow: 0 5px 20px rgba(0,0,0,0.08);\n}\n\n.ll-services-box h2 {\n    font-size: 2em;\n    color: #1a1a1a;\n    margin: 0 0 30px 0;\n    font-weight: 700;\n}\n\n.ll-services-list {\n    list-style: none;\n    padding: 0;\n    margin: 0;\n}\n\n.ll-services-list li {\n    padding: 15px 0 15px 40px;\n    position: relative;\n    border-bottom: 1px solid #e0e0e0;\n    transition: all 0.3s ease;\n}\n\n.ll-services-list li:last-child {\n    border-bottom: none;\n}\n\n.ll-services-list li:before {\n    content: \"\u2713\";\n    position: absolute;\n    left: 0;\n    top: 15px;\n    width: 28px;\n    height: 28px;\n    background: #d4a574;\n    color: #1a1a1a;\n    border-radius: 50%;\n    display: flex;\n    align-items: center;\n    justify-content: center;\n    font-weight: bold;\n    font-size: 16px;\n}\n\n.ll-services-list li:hover {\n    padding-left: 45px;\n    color: #d4a574;\n}\n\n.ll-info-box {\n    background: #f5f5f5;\n    border-left: 5px solid #1a1a1a;\n    padding: 30px;\n    border-radius: 10px;\n    margin: 40px 0;\n    box-shadow: 0 5px 15px rgba(0,0,0,0.08);\n}\n\n.ll-info-box h3 {\n    color: #1a1a1a;\n    font-size: 1.6em;\n    margin: 0 0 20px 0;\n    font-weight: 700;\n}\n\n.ll-info-box p {\n    margin: 15px 0;\n    color: #333;\n}\n\n.ll-highlight-box {\n    background: #1a1a1a;\n    color: white;\n    padding: 30px;\n    border-radius: 10px;\n    margin: 40px 0;\n    box-shadow: 0 5px 15px rgba(0,0,0,0.15);\n}\n\n.ll-highlight-box h3 {\n    color: #d4a574;\n    font-size: 1.6em;\n    margin: 0 0 20px 0;\n    font-weight: 700;\n}\n\n.ll-highlight-box p {\n    margin: 15px 0;\n    color: #d4d4d4;\n}\n\n.ll-prevention-box {\n    background: #fff8f0;\n    border-left: 5px solid #d4a574;\n    padding: 30px;\n    border-radius: 10px;\n    margin: 40px 0;\n    box-shadow: 0 5px 15px rgba(0,0,0,0.08);\n}\n\n.ll-prevention-box h3 {\n    color: #1a1a1a;\n    font-size: 1.6em;\n    margin: 0 0 20px 0;\n    font-weight: 700;\n}\n\n.ll-prevention-box p {\n    margin: 15px 0;\n    color: #333;\n}\n\n.ll-final-cta {\n    background: #1a1a1a;\n    color: white;\n    padding: 50px;\n    border-radius: 15px;\n    text-align: center;\n    margin-top: 50px;\n    box-shadow: 0 10px 30px rgba(0,0,0,0.2);\n}\n\n.ll-final-cta h3 {\n    font-size: 2em;\n    margin: 0 0 20px 0;\n    font-weight: 700;\n    color: #d4a574;\n}\n\n.ll-final-cta p {\n    font-size: 1.2em;\n    margin: 0 0 25px 0;\n    line-height: 1.6;\n}\n\n@media (max-width: 968px) {\n    .ll-content-wrapper {\n        grid-template-columns: 1fr;\n        gap: 40px;\n    }\n    \n    .ll-image-block {\n        position: relative;\n        top: 0;\n    }\n    \n    .ll-services-box {\n        padding: 30px 20px;\n    }\n    \n    .ll-info-box,\n    .ll-highlight-box,\n    .ll-prevention-box,\n    .ll-final-cta {\n        padding: 25px 20px;\n    }\n}\n\n@media (max-width: 600px) {\n    .labor-law-section {\n        padding: 40px 15px;\n    }\n    \n    .ll-services-box h2,\n    .ll-info-box h3,\n    .ll-highlight-box h3,\n    .ll-prevention-box h3,\n    .ll-final-cta h3 {\n        font-size: 1.4em;\n    }\n    \n    .ll-image-cta {\n        padding: 20px;\n    }\n    \n    .ll-image-cta h3 {\n        font-size: 1.2em;\n    }\n}\n<\/style>\n\n<div class=\"labor-law-section\">\n    <div class=\"ll-content-wrapper\">\n        <div class=\"ll-image-block\">\n            <img decoding=\"async\" src=\"https:\/\/iterlex.lt\/wp-content\/uploads\/2023\/09\/job-office-team-5382501.jpg\" alt=\"Darbo teis\u0117 - teisin\u0117s paslaugos\">\n            \n            <div class=\"ll-image-cta\">\n                <h3>Need advice?<\/h3>\n                <p>Contact us and get professional legal assistance<\/p>\n                <a href=\"https:\/\/iterlex.lt\/en\/kontaktai\/\" class=\"ll-cta-button\">Contact<\/a>\n            <\/div>\n        <\/div>\n\n        <div class=\"ll-services-box\">\n            <h2>Provided Legal Services<\/h2>\n            \n            <ul class=\"ll-services-list\">\n                <li>Legal advice on labor law issues<\/li>\n                <li>Training and seminars for employees<\/li>\n                <li>Assistance to companies on labor law issues and the formation of works councils<\/li>\n                <li>Representation in labor disputes<\/li>\n            <\/ul>\n        <\/div>\n    <\/div>\n\n    <div class=\"ll-info-box\">\n        <h3>Wide Range of Labor Law Services<\/h3>\n        <p>We provide a wide range of legal services on labor law issues to employees and companies (employers) on labor law issues, and seminars for employees can be organized if necessary.<\/p>\n        <p>We also provide representation services in disputes with employees and\/or employers.<\/p>\n    <\/div>\n\n    <div class=\"ll-prevention-box\">\n        <h3>Preventive Labor Law Strategy<\/h3>\n        <p>In the context of labor law, it is important not only to resolve disputes that have arisen, but also to ensure that the company's activities comply with legal regulations, thereby minimizing the likelihood of fines and disputes with employees.<\/p>\n        <p><strong>Therefore, it is important for employers to take preventive measures and ensure proper implementation of labor law standards.<\/strong><\/p>\n    <\/div>\n\n    <div class=\"ll-highlight-box\">\n        <h3>Individual Approach<\/h3>\n        <p>Decisions in the field of labor law must be individual and tailored to specific needs and expectations, as well as specific circumstances.<\/p>\n        <p>Each situation requires careful assessment and a tailored legal strategy.<\/p>\n    <\/div>\n\n    <div class=\"ll-final-cta\">\n        <h3>Consultation on Labor Law Issues<\/h3>\n        <p>If you have any questions, we invite you to a consultation, during which we will discuss possible actions and the terms of legal services as needed.<\/p>\n        <a href=\"https:\/\/iterlex.lt\/en\/kontaktai\/\" class=\"ll-cta-button\">Contact<\/a>\n    <\/div>\n<\/div>\t\t\t\t<\/div>\n\t\t\t\t<\/div>\n\t\t\t\t\t<\/div>\n\t\t\t\t<\/div>\n\t\t\t\t<\/div>","protected":false},"excerpt":{"rendered":"<p>Reikalinga konsultacija? Susisiekite su mumis ir gaukite profesionali\u0105 teisin\u0119 pagalb\u0105 Susisiekti Teikiamos Teisin\u0117s Paslaugos Teisin\u0117s konsultacijos darbo teis\u0117s klausimais Mokym\u0173 ir seminar\u0173 vedimas darbuotojams Pagalba bendrov\u0117ms darbo teis\u0117s klausimais, darbo tarybos sudarymo klausimais Atstovavimas darbo gin\u010duose Plataus Spektro Darbo Teis\u0117s Paslaugos Teikiamos plataus spektro teisin\u0117s paslaugos darbo teis\u0117s klausimais darbuotojams bei bendrov\u0117ms (darbdaviams) darbo teis\u0117s [&hellip;]<\/p>\n","protected":false},"author":3,"featured_media":0,"parent":0,"menu_order":0,"comment_status":"closed","ping_status":"closed","template":"","meta":{"_editorskit_title_hidden":false,"_editorskit_reading_time":0,"_editorskit_is_block_options_detached":false,"_editorskit_block_options_position":"{}","footnotes":""},"class_list":["post-25358","page","type-page","status-publish","hentry"],"_links":{"self":[{"href":"https:\/\/iterlex.lt\/en\/wp-json\/wp\/v2\/pages\/25358","targetHints":{"allow":["GET"]}}],"collection":[{"href":"https:\/\/iterlex.lt\/en\/wp-json\/wp\/v2\/pages"}],"about":[{"href":"https:\/\/iterlex.lt\/en\/wp-json\/wp\/v2\/types\/page"}],"author":[{"embeddable":true,"href":"https:\/\/iterlex.lt\/en\/wp-json\/wp\/v2\/users\/3"}],"replies":[{"embeddable":true,"href":"https:\/\/iterlex.lt\/en\/wp-json\/wp\/v2\/comments?post=25358"}],"version-history":[{"count":25,"href":"https:\/\/iterlex.lt\/en\/wp-json\/wp\/v2\/pages\/25358\/revisions"}],"predecessor-version":[{"id":26544,"href":"https:\/\/iterlex.lt\/en\/wp-json\/wp\/v2\/pages\/25358\/revisions\/26544"}],"wp:attachment":[{"href":"https:\/\/iterlex.lt\/en\/wp-json\/wp\/v2\/media?parent=25358"}],"curies":[{"name":"wp","href":"https:\/\/api.w.org\/{rel}","templated":true}]}}